{"id":1694,"date":"2022-05-02T16:11:34","date_gmt":"2022-05-02T16:11:34","guid":{"rendered":"https:\/\/wiki.luneale.co\/loai-bo-la-cup\/"},"modified":"2022-05-09T02:53:14","modified_gmt":"2022-05-09T02:53:14","slug":"loai-bo-la-cup","status":"publish","type":"page","link":"https:\/\/wiki.luneale.co\/vi\/loai-bo-la-cup\/","title":{"rendered":"Th\u00e1o La Cup"},"content":{"rendered":"\n<div class=\"wp-block-cover alignfull is-light\" style=\"min-height:300px;aspect-ratio:unset;\"><span aria-hidden=\"true\" class=\"has-ast-global-color-2-background-color has-background-dim-30 wp-block-cover__gradient-background has-background-dim\"><\/span><img loading=\"lazy\" decoding=\"async\" width=\"1920\" height=\"600\" class=\"wp-block-cover__image-background wp-image-1134\" alt=\"\" src=\"https:\/\/wiki.luneale.co\/wp-content\/uploads\/2022\/05\/hero-retirer-cup-menstruelle-min.jpg\" style=\"object-position:67% 100%\" data-object-fit=\"cover\" data-object-position=\"67% 100%\" srcset=\"https:\/\/wiki.luneale.co\/wp-content\/uploads\/2022\/05\/hero-retirer-cup-menstruelle-min.jpg 1920w, https:\/\/wiki.luneale.co\/wp-content\/uploads\/2022\/05\/hero-retirer-cup-menstruelle-min-300x94.jpg 300w, https:\/\/wiki.luneale.co\/wp-content\/uploads\/2022\/05\/hero-retirer-cup-menstruelle-min-1024x320.jpg 1024w, https:\/\/wiki.luneale.co\/wp-content\/uploads\/2022\/05\/hero-retirer-cup-menstruelle-min-768x240.jpg 768w, https:\/\/wiki.luneale.co\/wp-content\/uploads\/2022\/05\/hero-retirer-cup-menstruelle-min-1536x480.jpg 1536w\" sizes=\"auto, (max-width: 1920px) 100vw, 1920px\" \/><div class=\"wp-block-cover__inner-container is-layout-flow wp-block-cover-is-layout-flow\">\n<h1 class=\"has-white-color has-text-color wp-block-heading\">Th\u00e1o La Cup<\/h1>\n\n\n\n<h5 class=\"wp-block-heading\">MoonPad gi\u00fap b\u1ea1n d\u1ec5 d\u00e0ng th\u00e1o c\u1ed1c.<\/h5>\n<\/div><\/div>\n\n\n\n<div class=\"inherit-container-width wp-block-group alignwide is-layout-constrained wp-block-group-is-layout-constrained\"><div class=\"wp-block-group__inner-container\">\n<p>Th\u01b0\u1eddng th\u00ec La Cup n\u1eb1m c\u00e1ch \u00e2m h\u1ed9 kho\u1ea3ng 1 \u0111\u1ed1t ng\u00f3n tay: v\u1eady n\u00ean b\u1ea1n c\u00f3 th\u1ec3 ch\u1ea1m \u0111\u01b0\u1ee3c c\u1ed1c.<\/p>\n\n\n\n<p>B\u1ea5m MoonPad: vi\u1ec7c n\u00e0y s\u1ebd ph\u00e1 l\u1ef1c h\u00fat b\u1eb1ng c\u00e1ch cho kh\u00f4ng kh\u00ed v\u00e0o qua c\u00e1c l\u1ed7 kh\u00ed. Nh\u1eb9 nh\u00e0ng k\u00e9o c\u1ed1c ra.<\/p>\n\n\n\n<p>N\u1ebfu La Cup di chuy\u1ec3n l\u00ean h\u01a1i cao (vi\u1ec7c n\u00e0y x\u1ea3y ra t\u00f9y thu\u1ed9c v\u00e0o c\u01a1 th\u1ec3 v\u00e0 ho\u1ea1t \u0111\u1ed9ng c\u1ee7a b\u1ea1n), b\u1ea1n n\u00ean ng\u1ed3i tr\u00ean b\u1ed3n c\u1ea7u v\u00e0 d\u00f9ng c\u01a1 ch\u1eadu \u0111\u1ea9y nh\u1eb9 \u0111\u1ec3 c\u1ed1c di chuy\u1ec3n xu\u1ed1ng d\u01b0\u1edbi v\u00e0 b\u1ea1n c\u00f3 th\u1ec3 ch\u1ea1m \u0111\u01b0\u1ee3c.<\/p>\n\n\n\n<p><\/p>\n\n\n\n<figure class=\"wp-block-embed is-type-video is-provider-youtube wp-block-embed-youtube wp-embed-aspect-16-9 wp-has-aspect-ratio\"><div class=\"wp-block-embed__wrapper\">\n<div class=\"ast-oembed-container \" style=\"height: 100%;\"><iframe loading=\"lazy\" title=\"Le retrait de La Cup - Tuto cup menstruelle by Luneale\" width=\"500\" height=\"281\" src=\"https:\/\/www.youtube.com\/embed\/S8eCnuJjv7Q?feature=oembed\" frameborder=\"0\" allow=\"accelerometer; autoplay; clipboard-write; encrypted-media; gyroscope; picture-in-picture; web-share\" referrerpolicy=\"strict-origin-when-cross-origin\" allowfullscreen><\/iframe><\/div>\n<\/div><\/figure>\n<\/div><\/div>\n\n\n\n<div class=\"inherit-container-width wp-block-group alignfull has-ast-global-color-8-background-color has-background is-layout-constrained wp-block-group-is-layout-constrained\"><div class=\"wp-block-group__inner-container\">\n<div class=\"wp-block-columns is-layout-flex wp-container-core-columns-is-layout-28f84493 wp-block-columns-is-layout-flex\">\n<div class=\"wp-block-column is-layout-flow wp-block-column-is-layout-flow\">\n<h2 class=\"has-ast-global-color-2-color has-text-color has-large-font-size wp-block-heading\">H\u01b0\u1edbng d\u1eabn s\u1eed d\u1ee5ng<\/h2>\n<\/div>\n\n\n\n<div class=\"wp-block-column is-layout-flow wp-block-column-is-layout-flow\">\n<div class=\"wp-block-buttons is-content-justification-center is-layout-flex wp-container-core-buttons-is-layout-a89b3969 wp-block-buttons-is-layout-flex\">\n<div class=\"wp-block-button has-custom-width wp-block-button__width-75\"><a class=\"wp-block-button__link has-ast-global-color-3-color has-text-color has-background\" href=\"https:\/\/wiki.luneale.co\/vi\/chen-la-cup\/\" style=\"background-color:#fde6b2\">&lt;\u0110eo La Cup<\/a><\/div>\n<\/div>\n<\/div>\n\n\n\n<div class=\"wp-block-column is-layout-flow wp-block-column-is-layout-flow\">\n<div class=\"wp-block-buttons is-content-justification-center is-layout-flex wp-container-core-buttons-is-layout-a89b3969 wp-block-buttons-is-layout-flex\">\n<div class=\"wp-block-button has-custom-width wp-block-button__width-75\"><a class=\"wp-block-button__link has-ast-global-color-3-color has-ast-global-color-5-background-color has-text-color has-background\" href=\"https:\/\/wiki.luneale.co\/vi\/ve-sinh-coc-nguyet-san\/\">V\u1ec7 sinh c\u1ed1c trong chu k\u1ef3&gt;<\/a><\/div>\n<\/div>\n<\/div>\n<\/div>\n<\/div><\/div>\n","protected":false},"excerpt":{"rendered":"<p>Th\u01b0\u1eddng th\u00ec La Cup n\u1eb1m c\u00e1ch \u00e2m h\u1ed9 kho\u1ea3ng 1 \u0111\u1ed1t ng\u00f3n tay: v\u1eady n\u00ean b\u1ea1n c\u00f3 th\u1ec3 ch\u1ea1m \u0111\u01b0\u1ee3c c\u1ed1c. B\u1ea5m MoonPad: vi\u1ec7c n\u00e0y s\u1ebd ph\u00e1 l\u1ef1c h\u00fat b\u1eb1ng c\u00e1ch cho kh\u00f4ng kh\u00ed v\u00e0o qua c\u00e1c l\u1ed7 kh\u00ed. Nh\u1eb9 nh\u00e0ng k\u00e9o c\u1ed1c ra. N\u1ebfu La Cup di chuy\u1ec3n l\u00ean h\u01a1i cao (vi\u1ec7c n\u00e0y x\u1ea3y [&hellip;]<\/p>\n","protected":false},"author":1,"featured_media":1896,"parent":0,"menu_order":0,"comment_status":"closed","ping_status":"closed","template":"","meta":{"_uag_custom_page_level_css":"","site-sidebar-layout":"no-sidebar","site-content-layout":"plain-container","ast-site-content-layout":"normal-width-container","site-content-style":"unboxed","site-sidebar-style":"unboxed","ast-global-header-display":"","ast-banner-title-visibility":"","ast-main-header-display":"","ast-hfb-above-header-display":"","ast-hfb-below-header-display":"","ast-hfb-mobile-header-display":"","site-post-title":"disabled","ast-breadcrumbs-content":"disabled","ast-featured-img":"disabled","footer-sml-layout":"","theme-transparent-header-meta":"enabled","adv-header-id-meta":"","stick-header-meta":"","header-above-stick-meta":"","header-main-stick-meta":"","header-below-stick-meta":"","astra-migrate-meta-layouts":"default","ast-page-background-enabled":"default","ast-page-background-meta":{"desktop":{"background-color":"var(--ast-global-color-4)","background-image":"","background-repeat":"repeat","background-position":"center center","background-size":"auto","background-attachment":"scroll","background-type":"","background-media":"","overlay-type":"","overlay-color":"","overlay-opacity":"","overlay-gradient":""},"tablet":{"background-color":"","background-image":"","background-repeat":"repeat","background-position":"center center","background-size":"auto","background-attachment":"scroll","background-type":"","background-media":"","overlay-type":"","overlay-color":"","overlay-opacity":"","overlay-gradient":""},"mobile":{"background-color":"","background-image":"","background-repeat":"repeat","background-position":"center center","background-size":"auto","background-attachment":"scroll","background-type":"","background-media":"","overlay-type":"","overlay-color":"","overlay-opacity":"","overlay-gradient":""}},"ast-content-background-meta":{"desktop":{"background-color":"var(--ast-global-color-5)","background-image":"","background-repeat":"repeat","background-position":"center center","background-size":"auto","background-attachment":"scroll","background-type":"","background-media":"","overlay-type":"","overlay-color":"","overlay-opacity":"","overlay-gradient":""},"tablet":{"background-color":"var(--ast-global-color-5)","background-image":"","background-repeat":"repeat","background-position":"center center","background-size":"auto","background-attachment":"scroll","background-type":"","background-media":"","overlay-type":"","overlay-color":"","overlay-opacity":"","overlay-gradient":""},"mobile":{"background-color":"var(--ast-global-color-5)","background-image":"","background-repeat":"repeat","background-position":"center center","background-size":"auto","background-attachment":"scroll","background-type":"","background-media":"","overlay-type":"","overlay-color":"","overlay-opacity":"","overlay-gradient":""}},"footnotes":""},"class_list":["post-1694","page","type-page","status-publish","has-post-thumbnail","hentry"],"uagb_featured_image_src":{"full":["https:\/\/wiki.luneale.co\/wp-content\/uploads\/2022\/05\/La-Cup-Luneale-guide-dutilisation-de-la-cup-menstruelle-retirer.png",1200,630,false],"thumbnail":["https:\/\/wiki.luneale.co\/wp-content\/uploads\/2022\/05\/La-Cup-Luneale-guide-dutilisation-de-la-cup-menstruelle-retirer-150x150.png",150,150,true],"medium":["https:\/\/wiki.luneale.co\/wp-content\/uploads\/2022\/05\/La-Cup-Luneale-guide-dutilisation-de-la-cup-menstruelle-retirer-300x158.png",300,158,true],"medium_large":["https:\/\/wiki.luneale.co\/wp-content\/uploads\/2022\/05\/La-Cup-Luneale-guide-dutilisation-de-la-cup-menstruelle-retirer-768x403.png",768,403,true],"large":["https:\/\/wiki.luneale.co\/wp-content\/uploads\/2022\/05\/La-Cup-Luneale-guide-dutilisation-de-la-cup-menstruelle-retirer-1024x538.png",1024,538,true],"1536x1536":["https:\/\/wiki.luneale.co\/wp-content\/uploads\/2022\/05\/La-Cup-Luneale-guide-dutilisation-de-la-cup-menstruelle-retirer.png",1200,630,false],"2048x2048":["https:\/\/wiki.luneale.co\/wp-content\/uploads\/2022\/05\/La-Cup-Luneale-guide-dutilisation-de-la-cup-menstruelle-retirer.png",1200,630,false]},"uagb_author_info":{"display_name":"leocadie","author_link":"https:\/\/wiki.luneale.co\/vi\/author\/leocadie\/"},"uagb_comment_info":0,"uagb_excerpt":"Th\u01b0\u1eddng th\u00ec La Cup n\u1eb1m c\u00e1ch \u00e2m h\u1ed9 kho\u1ea3ng 1 \u0111\u1ed1t ng\u00f3n tay: v\u1eady n\u00ean b\u1ea1n c\u00f3 th\u1ec3 ch\u1ea1m \u0111\u01b0\u1ee3c c\u1ed1c. B\u1ea5m MoonPad: vi\u1ec7c n\u00e0y s\u1ebd ph\u00e1 l\u1ef1c h\u00fat b\u1eb1ng c\u00e1ch cho kh\u00f4ng kh\u00ed v\u00e0o qua c\u00e1c l\u1ed7 kh\u00ed. Nh\u1eb9 nh\u00e0ng k\u00e9o c\u1ed1c ra. N\u1ebfu La Cup di chuy\u1ec3n l\u00ean h\u01a1i cao (vi\u1ec7c n\u00e0y x\u1ea3y&hellip;","_links":{"self":[{"href":"https:\/\/wiki.luneale.co\/vi\/wp-json\/wp\/v2\/pages\/1694","targetHints":{"allow":["GET"]}}],"collection":[{"href":"https:\/\/wiki.luneale.co\/vi\/wp-json\/wp\/v2\/pages"}],"about":[{"href":"https:\/\/wiki.luneale.co\/vi\/wp-json\/wp\/v2\/types\/page"}],"author":[{"embeddable":true,"href":"https:\/\/wiki.luneale.co\/vi\/wp-json\/wp\/v2\/users\/1"}],"replies":[{"embeddable":true,"href":"https:\/\/wiki.luneale.co\/vi\/wp-json\/wp\/v2\/comments?post=1694"}],"version-history":[{"count":0,"href":"https:\/\/wiki.luneale.co\/vi\/wp-json\/wp\/v2\/pages\/1694\/revisions"}],"wp:featuredmedia":[{"embeddable":true,"href":"https:\/\/wiki.luneale.co\/vi\/wp-json\/wp\/v2\/media\/1896"}],"wp:attachment":[{"href":"https:\/\/wiki.luneale.co\/vi\/wp-json\/wp\/v2\/media?parent=1694"}],"curies":[{"name":"wp","href":"https:\/\/api.w.org\/{rel}","templated":true}]}}