{"id":1638,"date":"2022-05-02T15:23:44","date_gmt":"2022-05-02T15:23:44","guid":{"rendered":"https:\/\/wiki.luneale.co\/chen-la-cup\/"},"modified":"2022-05-09T02:51:30","modified_gmt":"2022-05-09T02:51:30","slug":"chen-la-cup","status":"publish","type":"page","link":"https:\/\/wiki.luneale.co\/vi\/chen-la-cup\/","title":{"rendered":"\u0110eo La Cup"},"content":{"rendered":"\n<div class=\"wp-block-cover alignfull is-light\" style=\"min-height:300px;aspect-ratio:unset;\"><span aria-hidden=\"true\" class=\"has-ast-global-color-2-background-color has-background-dim-30 wp-block-cover__gradient-background has-background-dim\"><\/span><img loading=\"lazy\" decoding=\"async\" width=\"1920\" height=\"600\" class=\"wp-block-cover__image-background wp-image-1111\" alt=\"\" src=\"https:\/\/wiki.luneale.co\/wp-content\/uploads\/2022\/05\/hero-insertion-cup-menstruelle-min.jpg\" style=\"object-position:44% 44%\" data-object-fit=\"cover\" data-object-position=\"44% 44%\" srcset=\"https:\/\/wiki.luneale.co\/wp-content\/uploads\/2022\/05\/hero-insertion-cup-menstruelle-min.jpg 1920w, https:\/\/wiki.luneale.co\/wp-content\/uploads\/2022\/05\/hero-insertion-cup-menstruelle-min-300x94.jpg 300w, https:\/\/wiki.luneale.co\/wp-content\/uploads\/2022\/05\/hero-insertion-cup-menstruelle-min-1024x320.jpg 1024w, https:\/\/wiki.luneale.co\/wp-content\/uploads\/2022\/05\/hero-insertion-cup-menstruelle-min-768x240.jpg 768w, https:\/\/wiki.luneale.co\/wp-content\/uploads\/2022\/05\/hero-insertion-cup-menstruelle-min-1536x480.jpg 1536w\" sizes=\"auto, (max-width: 1920px) 100vw, 1920px\" \/><div class=\"wp-block-cover__inner-container is-layout-flow wp-block-cover-is-layout-flow\">\n<h1 class=\"has-white-color has-text-color wp-block-heading\">\u0110eo La Cup<\/h1>\n\n\n\n<h5 class=\"wp-block-heading\">V\u1edbi c\u00e1ch \u0111eo c\u1ed1c ph\u00f9 h\u1ee3p, b\u1ea1n c\u00f3 th\u1ec3 \u0111eo c\u1ed1c trong d\u01b0\u1edbi 10 gi\u00e2y!<\/h5>\n<\/div><\/div>\n\n\n\n<div class=\"inherit-container-width wp-block-group alignfull is-layout-constrained wp-block-group-is-layout-constrained\" id=\"2temps\"><div class=\"wp-block-group__inner-container\">\n<div class=\"wp-block-columns are-vertically-aligned-center is-layout-flex wp-container-core-columns-is-layout-28f84493 wp-block-columns-is-layout-flex\">\n<div class=\"wp-block-column is-vertically-aligned-center is-layout-flow wp-block-column-is-layout-flow\" style=\"flex-basis:33.33%\">\n<h6 class=\"wp-block-heading\">C\u00e1ch 1<\/h6>\n\n\n\n<h2 class=\"wp-block-heading\">\u0110eo v\u1edbi 2 b\u01b0\u1edbc<\/h2>\n\n\n\n<p><\/p>\n<\/div>\n\n\n\n<div class=\"wp-block-column is-vertically-aligned-center is-layout-flow wp-block-column-is-layout-flow\" style=\"flex-basis:66.66%\">\n<p>\u0110\u00e2y l\u00e0 c\u00e1ch \u0111eo \u0111\u01b0\u1ee3c khuy\u00ean d\u00f9ng v\u1edbi <a href=\"https:\/\/wiki.luneale.co\/vi\/gap-cai-la-cup\/#pliC\">c\u00e1ch g\u1ea5p ch\u1eef C<\/a>.<\/p>\n\n\n\n<p>\u0110\u1eb7t La Cup v\u00e0o \u00e2m h\u1ed9 c\u1ee7a b\u1ea1n v\u00e0 \u0111\u01b0a mi\u1ec7ng c\u1ed1c v\u00e0o \u00e2m \u0111\u1ea1o c\u1ee7a b\u1ea1n: l\u00fac n\u00e0y, ch\u1ec9 c\u00f3 ph\u1ea7n tr\u00ean c\u1ee7a La Cup \u0111\u01b0\u1ee3c \u0111\u01b0a v\u00e0o v\u00e0 c\u1ed1c s\u1ebd b\u1eaft \u0111\u1ea7u m\u1edf ra.<\/p>\n\n\n\n<p>C\u1ea7m l\u1ea5y MoonPad v\u00e0 xoay c\u1ed1c v\u1ec1 ph\u00eda cu\u1ed1i \u00e2m \u0111\u1ea1o \u0111\u1ec3 c\u1ed1c v\u00e0o v\u1ecb tr\u00ed c\u00e1ch c\u1eeda \u00e2m \u0111\u1ea1o kho\u1ea3ng 1 \u0111\u1ed1t ng\u00f3n tay.<\/p>\n<\/div>\n<\/div>\n\n\n\n<figure class=\"wp-block-embed is-type-video is-provider-youtube wp-block-embed-youtube wp-embed-aspect-16-9 wp-has-aspect-ratio\"><div class=\"wp-block-embed__wrapper\">\n<div class=\"ast-oembed-container \" style=\"height: 100%;\"><iframe loading=\"lazy\" title=\"L&#039;insertion en 2 temps de La Cup - Tuto cup menstruelle by Luneale\" width=\"500\" height=\"281\" src=\"https:\/\/www.youtube.com\/embed\/UUkaxKLcujM?feature=oembed\" frameborder=\"0\" allow=\"accelerometer; autoplay; clipboard-write; encrypted-media; gyroscope; picture-in-picture; web-share\" referrerpolicy=\"strict-origin-when-cross-origin\" allowfullscreen><\/iframe><\/div>\n<\/div><\/figure>\n<\/div><\/div>\n\n\n\n<div class=\"inherit-container-width wp-block-group alignfull has-ast-global-color-0-background-color has-background is-layout-constrained wp-block-group-is-layout-constrained\" id=\"directe\"><div class=\"wp-block-group__inner-container\">\n<div class=\"wp-block-columns are-vertically-aligned-center is-layout-flex wp-container-core-columns-is-layout-28f84493 wp-block-columns-is-layout-flex\">\n<div class=\"wp-block-column is-vertically-aligned-center is-layout-flow wp-block-column-is-layout-flow\" style=\"flex-basis:33.33%\">\n<h6 class=\"wp-block-heading\">C\u00e1ch 2<\/h6>\n\n\n\n<h2 class=\"wp-block-heading\">\u0110eo tr\u1ef1c ti\u1ebfp<\/h2>\n\n\n\n<p><\/p>\n<\/div>\n\n\n\n<div class=\"wp-block-column is-vertically-aligned-center is-layout-flow wp-block-column-is-layout-flow\" style=\"flex-basis:66.66%\">\n<p>\u0110\u00e2y l\u00e0 c\u00e1ch \u0111eo \u0111\u01b0\u1ee3c khuy\u00ean d\u00f9ng v\u1edbi <a href=\"https:\/\/wiki.luneale.co\/vi\/gap-cai-la-cup\/#plipunchdown\">c\u00e1ch g\u1eadp xu\u1ed1ng<\/a>.<\/p>\n\n\n\n<p>\u0110\u01b0a ph\u1ea7n l\u1edbn La Cup v\u00e0o \u00e2m \u0111\u1ea1o. L\u00fac n\u00e0y c\u1ed1c c\u1ea7n n\u1eb1m th\u1eb3ng h\u00e0ng v\u1edbi \u00e2m \u0111\u1ea1o c\u1ee7a b\u1ea1n ch\u1ee9 kh\u00f4ng n\u1eb1m nghi\u00eang.<br>Sau \u0111\u00f3, th\u1ea3 c\u1ed1c ra v\u00e0 \u0111\u01b0a c\u1ed1c \u0111\u1ebfn v\u1ecb tr\u00ed ph\u00f9 h\u1ee3p (n\u01a1i b\u1ea1n kh\u00f4ng c\u1ea3m th\u1ea5y c\u1ed1c n\u1eefa).<\/p>\n<\/div>\n<\/div>\n\n\n\n<figure class=\"wp-block-embed is-type-video is-provider-youtube wp-block-embed-youtube wp-embed-aspect-16-9 wp-has-aspect-ratio\"><div class=\"wp-block-embed__wrapper\">\n<div class=\"ast-oembed-container \" style=\"height: 100%;\"><iframe loading=\"lazy\" title=\"L&#039;insertion directe de La Cup - Tuto cup menstruelle by Luneale\" width=\"500\" height=\"281\" src=\"https:\/\/www.youtube.com\/embed\/DCdzIajpOyo?feature=oembed\" frameborder=\"0\" allow=\"accelerometer; autoplay; clipboard-write; encrypted-media; gyroscope; picture-in-picture; web-share\" referrerpolicy=\"strict-origin-when-cross-origin\" allowfullscreen><\/iframe><\/div>\n<\/div><\/figure>\n<\/div><\/div>\n\n\n\n<div class=\"inherit-container-width wp-block-group alignfull is-layout-constrained wp-block-group-is-layout-constrained\"><div class=\"wp-block-group__inner-container\">\n<h2 class=\"has-text-align-center wp-block-heading\">Ch\u00fa \u00fd khi \u0111eo La Cup: <\/h2>\n\n\n\n<p>Ph\u1ea7n \u0111\u1ebf c\u1ee7a MoonPad n\u00ean n\u1eb1m ngay sau \u00e2m h\u1ed9 c\u1ee7a b\u1ea1n. N\u1ebfu b\u1ea1n v\u1eabn c\u1ea3m th\u1ea5y La Cup, h\u00e3y \u0111\u1ea9y nh\u1eb9 c\u1ed1c v\u1ec1 ph\u00eda sau b\u1eb1ng c\u00e1ch \u1ea5n v\u00e0o \u0111\u1ebf c\u1ee7a MoonPad: c\u1ed1c s\u1ebd t\u1ef1 \u0111\u1ecbnh v\u1ecb \u0111\u1ec3 b\u1ea1n ho\u00e0n to\u00e0n kh\u00f4ng c\u1ea3m th\u1ea5y g\u00ec.<\/p>\n\n\n\n<p>Hi\u1ec7u qu\u1ea3 c\u1ee7a La Cup d\u1ef1a v\u00e0o vi\u1ec7c \u0111eo c\u1ed1c \u0111\u00fang c\u00e1ch: mi\u1ec7ng c\u1ed1c ph\u1ea3i m\u1edf ra, \u0111i\u1ec1u \u0111\u01b0\u1ee3c \u0111\u1ea3m b\u1ea3o khi b\u1ea1n xoay c\u1ed1c m\u00e0 kh\u00f4ng b\u1ecb v\u01b0\u1edbng. <br>Tuy nhi\u00ean, kh\u00f4ng gi\u1ed1ng nh\u01b0 c\u1ed1c nguy\u1ec7t san th\u00f4ng th\u01b0\u1eddng, th\u00e2n c\u1ee7a La Cup c\u00f3 \u0111\u1ed9 linh ho\u1ea1t \u0111\u1ec3 th\u00edch nghi v\u1edbi c\u01a1 th\u1ec3 c\u1ee7a b\u1ea1n, v\u1eady n\u00ean c\u1ed1c kh\u00f4ng g\u00e2y r\u00f2 r\u1ec9 ngay c\u1ea3 khi kh\u00f4ng m\u1edf h\u1ebft. <\/p>\n<\/div><\/div>\n\n\n\n<div class=\"inherit-container-width wp-block-group alignfull has-ast-global-color-8-background-color has-background is-layout-constrained wp-block-group-is-layout-constrained\"><div class=\"wp-block-group__inner-container\">\n<div class=\"wp-block-columns is-layout-flex wp-container-core-columns-is-layout-28f84493 wp-block-columns-is-layout-flex\">\n<div class=\"wp-block-column is-layout-flow wp-block-column-is-layout-flow\">\n<h2 class=\"has-ast-global-color-2-color has-text-color has-large-font-size wp-block-heading\">H\u01b0\u1edbng d\u1eabn <\/h2>\n\n\n\n<h2 class=\"has-ast-global-color-2-color has-text-color has-large-font-size wp-block-heading\">s\u1eed d\u1ee5ng<\/h2>\n<\/div>\n\n\n\n<div class=\"wp-block-column is-layout-flow wp-block-column-is-layout-flow\">\n<div class=\"wp-block-buttons is-content-justification-center is-layout-flex wp-container-core-buttons-is-layout-a89b3969 wp-block-buttons-is-layout-flex\">\n<div class=\"wp-block-button has-custom-width wp-block-button__width-75\"><a class=\"wp-block-button__link has-ast-global-color-3-color has-text-color has-background\" href=\"https:\/\/wiki.luneale.co\/vi\/gap-cai-la-cup\/\" style=\"background-color:#fde6b2\">&lt;G\u1ea5p La Cup<\/a><\/div>\n<\/div>\n<\/div>\n\n\n\n<div class=\"wp-block-column is-layout-flow wp-block-column-is-layout-flow\">\n<div class=\"wp-block-buttons is-content-justification-center is-layout-flex wp-container-core-buttons-is-layout-a89b3969 wp-block-buttons-is-layout-flex\">\n<div class=\"wp-block-button has-custom-width wp-block-button__width-75\"><a class=\"wp-block-button__link has-ast-global-color-3-color has-ast-global-color-5-background-color has-text-color has-background\" href=\"https:\/\/wiki.luneale.co\/vi\/loai-bo-la-cup\/\">Th\u00e1o La Cup &gt;<\/a><\/div>\n<\/div>\n<\/div>\n<\/div>\n<\/div><\/div>\n","protected":false},"excerpt":{"rendered":"<p>C\u00e1ch 1 \u0110eo v\u1edbi 2 b\u01b0\u1edbc \u0110\u00e2y l\u00e0 c\u00e1ch \u0111eo \u0111\u01b0\u1ee3c khuy\u00ean d\u00f9ng v\u1edbi c\u00e1ch g\u1ea5p ch\u1eef C. \u0110\u1eb7t La Cup v\u00e0o \u00e2m h\u1ed9 c\u1ee7a b\u1ea1n v\u00e0 \u0111\u01b0a mi\u1ec7ng c\u1ed1c v\u00e0o \u00e2m \u0111\u1ea1o c\u1ee7a b\u1ea1n: l\u00fac n\u00e0y, ch\u1ec9 c\u00f3 ph\u1ea7n tr\u00ean c\u1ee7a La Cup \u0111\u01b0\u1ee3c \u0111\u01b0a v\u00e0o v\u00e0 c\u1ed1c s\u1ebd b\u1eaft \u0111\u1ea7u m\u1edf ra. C\u1ea7m [&hellip;]<\/p>\n","protected":false},"author":1,"featured_media":1860,"parent":0,"menu_order":0,"comment_status":"closed","ping_status":"closed","template":"","meta":{"_uag_custom_page_level_css":"","site-sidebar-layout":"no-sidebar","site-content-layout":"plain-container","ast-site-content-layout":"normal-width-container","site-content-style":"unboxed","site-sidebar-style":"unboxed","ast-global-header-display":"","ast-banner-title-visibility":"","ast-main-header-display":"","ast-hfb-above-header-display":"","ast-hfb-below-header-display":"","ast-hfb-mobile-header-display":"","site-post-title":"disabled","ast-breadcrumbs-content":"disabled","ast-featured-img":"disabled","footer-sml-layout":"","theme-transparent-header-meta":"enabled","adv-header-id-meta":"","stick-header-meta":"","header-above-stick-meta":"","header-main-stick-meta":"","header-below-stick-meta":"","astra-migrate-meta-layouts":"default","ast-page-background-enabled":"default","ast-page-background-meta":{"desktop":{"background-color":"var(--ast-global-color-4)","background-image":"","background-repeat":"repeat","background-position":"center center","background-size":"auto","background-attachment":"scroll","background-type":"","background-media":"","overlay-type":"","overlay-color":"","overlay-opacity":"","overlay-gradient":""},"tablet":{"background-color":"","background-image":"","background-repeat":"repeat","background-position":"center center","background-size":"auto","background-attachment":"scroll","background-type":"","background-media":"","overlay-type":"","overlay-color":"","overlay-opacity":"","overlay-gradient":""},"mobile":{"background-color":"","background-image":"","background-repeat":"repeat","background-position":"center center","background-size":"auto","background-attachment":"scroll","background-type":"","background-media":"","overlay-type":"","overlay-color":"","overlay-opacity":"","overlay-gradient":""}},"ast-content-background-meta":{"desktop":{"background-color":"var(--ast-global-color-5)","background-image":"","background-repeat":"repeat","background-position":"center center","background-size":"auto","background-attachment":"scroll","background-type":"","background-media":"","overlay-type":"","overlay-color":"","overlay-opacity":"","overlay-gradient":""},"tablet":{"background-color":"var(--ast-global-color-5)","background-image":"","background-repeat":"repeat","background-position":"center center","background-size":"auto","background-attachment":"scroll","background-type":"","background-media":"","overlay-type":"","overlay-color":"","overlay-opacity":"","overlay-gradient":""},"mobile":{"background-color":"var(--ast-global-color-5)","background-image":"","background-repeat":"repeat","background-position":"center center","background-size":"auto","background-attachment":"scroll","background-type":"","background-media":"","overlay-type":"","overlay-color":"","overlay-opacity":"","overlay-gradient":""}},"footnotes":""},"class_list":["post-1638","page","type-page","status-publish","has-post-thumbnail","hentry"],"uagb_featured_image_src":{"full":["https:\/\/wiki.luneale.co\/wp-content\/uploads\/2022\/05\/La-Cup-Luneale-guide-dutilisation-de-la-cup-menstruelle-inserer.png",1200,630,false],"thumbnail":["https:\/\/wiki.luneale.co\/wp-content\/uploads\/2022\/05\/La-Cup-Luneale-guide-dutilisation-de-la-cup-menstruelle-inserer-150x150.png",150,150,true],"medium":["https:\/\/wiki.luneale.co\/wp-content\/uploads\/2022\/05\/La-Cup-Luneale-guide-dutilisation-de-la-cup-menstruelle-inserer-300x158.png",300,158,true],"medium_large":["https:\/\/wiki.luneale.co\/wp-content\/uploads\/2022\/05\/La-Cup-Luneale-guide-dutilisation-de-la-cup-menstruelle-inserer-768x403.png",768,403,true],"large":["https:\/\/wiki.luneale.co\/wp-content\/uploads\/2022\/05\/La-Cup-Luneale-guide-dutilisation-de-la-cup-menstruelle-inserer-1024x538.png",1024,538,true],"1536x1536":["https:\/\/wiki.luneale.co\/wp-content\/uploads\/2022\/05\/La-Cup-Luneale-guide-dutilisation-de-la-cup-menstruelle-inserer.png",1200,630,false],"2048x2048":["https:\/\/wiki.luneale.co\/wp-content\/uploads\/2022\/05\/La-Cup-Luneale-guide-dutilisation-de-la-cup-menstruelle-inserer.png",1200,630,false]},"uagb_author_info":{"display_name":"leocadie","author_link":"https:\/\/wiki.luneale.co\/vi\/author\/leocadie\/"},"uagb_comment_info":0,"uagb_excerpt":"C\u00e1ch 1 \u0110eo v\u1edbi 2 b\u01b0\u1edbc \u0110\u00e2y l\u00e0 c\u00e1ch \u0111eo \u0111\u01b0\u1ee3c khuy\u00ean d\u00f9ng v\u1edbi c\u00e1ch g\u1ea5p ch\u1eef C. \u0110\u1eb7t La Cup v\u00e0o \u00e2m h\u1ed9 c\u1ee7a b\u1ea1n v\u00e0 \u0111\u01b0a mi\u1ec7ng c\u1ed1c v\u00e0o \u00e2m \u0111\u1ea1o c\u1ee7a b\u1ea1n: l\u00fac n\u00e0y, ch\u1ec9 c\u00f3 ph\u1ea7n tr\u00ean c\u1ee7a La Cup \u0111\u01b0\u1ee3c \u0111\u01b0a v\u00e0o v\u00e0 c\u1ed1c s\u1ebd b\u1eaft \u0111\u1ea7u m\u1edf ra. C\u1ea7m&hellip;","_links":{"self":[{"href":"https:\/\/wiki.luneale.co\/vi\/wp-json\/wp\/v2\/pages\/1638","targetHints":{"allow":["GET"]}}],"collection":[{"href":"https:\/\/wiki.luneale.co\/vi\/wp-json\/wp\/v2\/pages"}],"about":[{"href":"https:\/\/wiki.luneale.co\/vi\/wp-json\/wp\/v2\/types\/page"}],"author":[{"embeddable":true,"href":"https:\/\/wiki.luneale.co\/vi\/wp-json\/wp\/v2\/users\/1"}],"replies":[{"embeddable":true,"href":"https:\/\/wiki.luneale.co\/vi\/wp-json\/wp\/v2\/comments?post=1638"}],"version-history":[{"count":0,"href":"https:\/\/wiki.luneale.co\/vi\/wp-json\/wp\/v2\/pages\/1638\/revisions"}],"wp:featuredmedia":[{"embeddable":true,"href":"https:\/\/wiki.luneale.co\/vi\/wp-json\/wp\/v2\/media\/1860"}],"wp:attachment":[{"href":"https:\/\/wiki.luneale.co\/vi\/wp-json\/wp\/v2\/media?parent=1638"}],"curies":[{"name":"wp","href":"https:\/\/api.w.org\/{rel}","templated":true}]}}