{"id":1606,"date":"2022-05-03T09:56:28","date_gmt":"2022-05-03T09:56:28","guid":{"rendered":"https:\/\/wiki.luneale.co\/meo-lam-sach\/"},"modified":"2022-05-09T02:59:02","modified_gmt":"2022-05-09T02:59:02","slug":"meo-lam-sach","status":"publish","type":"page","link":"https:\/\/wiki.luneale.co\/vi\/meo-lam-sach\/","title":{"rendered":"M\u1eb9o v\u1ec7 sinh c\u1ed1c"},"content":{"rendered":"\n<div class=\"wp-block-cover alignfull is-light\" style=\"min-height:300px;aspect-ratio:unset;\"><span aria-hidden=\"true\" class=\"has-ast-global-color-5-background-color has-background-dim-40 wp-block-cover__gradient-background has-background-dim\"><\/span><img loading=\"lazy\" decoding=\"async\" width=\"1920\" height=\"600\" class=\"wp-block-cover__image-background wp-image-1137\" alt=\"\" src=\"https:\/\/wiki.luneale.co\/wp-content\/uploads\/2022\/05\/hero-steriliser-cup-menstruelle-min.jpg\" style=\"object-position:48% 85%\" data-object-fit=\"cover\" data-object-position=\"48% 85%\" srcset=\"https:\/\/wiki.luneale.co\/wp-content\/uploads\/2022\/05\/hero-steriliser-cup-menstruelle-min.jpg 1920w, https:\/\/wiki.luneale.co\/wp-content\/uploads\/2022\/05\/hero-steriliser-cup-menstruelle-min-300x94.jpg 300w, https:\/\/wiki.luneale.co\/wp-content\/uploads\/2022\/05\/hero-steriliser-cup-menstruelle-min-1024x320.jpg 1024w, https:\/\/wiki.luneale.co\/wp-content\/uploads\/2022\/05\/hero-steriliser-cup-menstruelle-min-768x240.jpg 768w, https:\/\/wiki.luneale.co\/wp-content\/uploads\/2022\/05\/hero-steriliser-cup-menstruelle-min-1536x480.jpg 1536w\" sizes=\"auto, (max-width: 1920px) 100vw, 1920px\" \/><div class=\"wp-block-cover__inner-container is-layout-flow wp-block-cover-is-layout-flow\">\n<h1 class=\"has-white-color has-text-color wp-block-heading\">M\u1eb9o v\u1ec7 sinh c\u1ed1c<\/h1>\n<\/div><\/div>\n\n\n\n<div class=\"inherit-container-width wp-block-group alignwide is-layout-constrained wp-block-group-is-layout-constrained\"><div class=\"wp-block-group__inner-container\">\n<h2 class=\"alignwide wp-block-heading\">Th\u00f4ng c\u00e1c l\u1ed7 kh\u00ed<\/h2>\n\n\n\n<p>N\u1ebfu kinh nguy\u1ec7t c\u1ee7a b\u1ea1n \u0111\u1eb7c, c\u00e1c l\u1ed7 kh\u00ed c\u00f3 th\u1ec3 b\u1ecb t\u1eafc.<\/p>\n\n\n\n<p>\u0110\u1ec3 th\u00f4ng l\u1ed7 kh\u00ed, h\u00e3y \u0111\u1ed5 \u0111\u1ea7y n\u01b0\u1edbc v\u00e0o La Cup, d\u00f9ng b\u00e0n tay ch\u1eb7n mi\u1ec7ng c\u1ed1c v\u00e0 b\u00f3p th\u00e2n c\u1ed1c. N\u01b0\u1edbc s\u1ebd tr\u00e0o qua l\u1ed7 kh\u00ed v\u00e0 th\u00f4ng l\u1ed7 (c\u1ea9n th\u1eadn \u0111\u1eebng \u0111\u1ec3 n\u01b0\u1edbc b\u1eafn v\u00e0o ng\u01b0\u1eddi!)<\/p>\n\n\n\n<h2 class=\"alignwide wp-block-heading\">N\u1ebfu c\u1ed1c c\u1ee7a b\u1ea1n b\u1ecb v\u1ea9n \u0111\u1ee5c ho\u1eb7c ng\u1ea3 m\u00e0u<\/h2>\n\n\n\n<p>B\u1ea1n c\u00f3 th\u1ec3 tr\u1ea3 l\u1ea1i m\u00e0u nguy\u00ean b\u1ea3n c\u1ee7a c\u1ed1c b\u1eb1ng c\u00e1ch pha n\u01b0\u1edbc s\u00f4i v\u1edbi n\u01b0\u1edbc c\u1ed1t c\u1ee7a n\u1eeda qu\u1ea3 chanh ho\u1eb7c m\u1ed9t \u00edt gi\u1ea5m tr\u1eafng v\u00e0 ng\u00e2m c\u1ed1c qua \u0111\u00eam. Sau \u0111\u00f3 nh\u1edb r\u1eeda s\u1ea1ch c\u1ed1c.<\/p>\n\n\n\n<p><a href=\"https:\/\/luneale.co\/blogs\/cuplife\/cup-blanchie-que-faire\" target=\"_blank\" rel=\"noreferrer noopener\">Gi\u1ea3i th\u00edch chi ti\u1ebft \u1edf \u0111\u00e2y<\/a>&gt; (m\u1edf trong m\u1ed9t tab m\u1edbi)<\/p>\n\n\n\n<h2 class=\"alignwide has-text-align-center has-ast-global-color-1-background-color has-background wp-block-heading\">H\u1ebft<\/h2>\n<\/div><\/div>\n\n\n\n<div class=\"wp-block-columns is-layout-flex wp-container-core-columns-is-layout-28f84493 wp-block-columns-is-layout-flex\">\n<div class=\"wp-block-column is-layout-flow wp-block-column-is-layout-flow\" style=\"flex-basis:50%\">\n<h3 class=\"wp-block-heading\">B\u1ea1n c\u00f2n c\u00e2u h\u1ecfi n\u00e0o kh\u00f4ng?<\/h3>\n\n\n\n<p>Tham kh\u1ea3o c\u00e1c c\u00e2u h\u1ecfi th\u01b0\u1eddng g\u1eb7p tr\u00ean trang web c\u1ee7a ch\u00fang t\u00f4i: c\u00f3 th\u1ec3 l\u00e0 ch\u00fang t\u00f4i \u0111\u00e3 d\u1ec1 c\u1eadp \u0111\u1ebfn v\u1ea5n \u0111\u1ec1 b\u1ea1n quan t\u00e2m (n\u1ebfu kh\u00f4ng th\u00ec \u0111\u1eebng ng\u1ea1i li\u00ean l\u1ea1c v\u1edbi ch\u00fang t\u00f4i \u0111\u1ec3 ch\u00fang t\u00f4i c\u00f3 th\u1ec3 b\u1ed5 sung)<\/p>\n<\/div>\n\n\n\n<div class=\"wp-block-column is-vertically-aligned-center is-layout-flow wp-block-column-is-layout-flow\" style=\"flex-basis:50%\">\n<div class=\"wp-block-buttons is-content-justification-center is-layout-flex wp-container-core-buttons-is-layout-a89b3969 wp-block-buttons-is-layout-flex\">\n<div class=\"wp-block-button has-custom-width wp-block-button__width-100\"><a class=\"wp-block-button__link has-ast-global-color-3-color has-text-color\" href=\"https:\/\/luneale.co\/pages\/faq\">Tham kh\u1ea3o C\u00e1c c\u00e2u h\u1ecfi th\u01b0\u1eddng g\u1eb7p&gt;<\/a><\/div>\n<\/div>\n<\/div>\n<\/div>\n\n\n\n<div class=\"wp-block-columns is-layout-flex wp-container-core-columns-is-layout-28f84493 wp-block-columns-is-layout-flex\">\n<div class=\"wp-block-column is-layout-flow wp-block-column-is-layout-flow\" style=\"flex-basis:50%\">\n<h3 class=\"wp-block-heading\">B\u1ea1n mu\u1ed1n t\u00ecm hi\u1ec3u k\u1ef9 h\u01a1n v\u00e0i ch\u1ee7 \u0111\u1ec1 nh\u1ea5t \u0111\u1ecbnh?<\/h3>\n\n\n\n<p>Ch\u00fang t\u00f4i \u0111\u00e3 \u0111\u0103ng nhi\u1ec1u b\u00e0i vi\u1ebft tr\u00ean Cuplife, blog c\u1ee7a Luneale! \u0110\u1eebng ng\u1ea1i tham kh\u1ea3o blog.<\/p>\n<\/div>\n\n\n\n<div class=\"wp-block-column is-vertically-aligned-center is-layout-flow wp-block-column-is-layout-flow\" style=\"flex-basis:50%\">\n<div class=\"wp-block-buttons is-content-justification-center is-layout-flex wp-container-core-buttons-is-layout-a89b3969 wp-block-buttons-is-layout-flex\">\n<div class=\"wp-block-button has-custom-width wp-block-button__width-100\"><a class=\"wp-block-button__link has-ast-global-color-3-color has-text-color\" href=\"https:\/\/luneale.co\/blogs\/cuplife\">\u0110\u1ecdc c\u00e1c b\u00e0i vi\u1ebft c\u1ee7a ch\u00fang t\u00f4i tr\u00ean Cuplife&gt;<\/a><\/div>\n<\/div>\n<\/div>\n<\/div>\n\n\n\n<div class=\"inherit-container-width wp-block-group alignfull has-ast-global-color-8-background-color has-background is-layout-constrained wp-block-group-is-layout-constrained\" id=\"visite\"><div class=\"wp-block-group__inner-container\">\n<div class=\"wp-block-columns is-layout-flex wp-container-core-columns-is-layout-28f84493 wp-block-columns-is-layout-flex\">\n<div class=\"wp-block-column is-layout-flow wp-block-column-is-layout-flow\">\n<h2 class=\"has-ast-global-color-2-color has-text-color has-large-font-size wp-block-heading\">H\u01b0\u1edbng d\u1eabn s\u1eed d\u1ee5ng<\/h2>\n\n\n\n<p>H\u01b0\u1edbng d\u1eabn \u0111\u00e3 k\u1ebft th\u00fac! N\u1ebfu b\u1ea1n v\u1eabn c\u00f2n th\u1eafc m\u1eafc, b\u1ea1n c\u00f3 th\u1ec3 li\u00ean h\u1ec7 v\u1edbi ch\u00fang t\u00f4i.<\/p>\n<\/div>\n\n\n\n<div class=\"wp-block-column is-layout-flow wp-block-column-is-layout-flow\">\n<div class=\"wp-block-buttons is-content-justification-center is-layout-flex wp-container-core-buttons-is-layout-a89b3969 wp-block-buttons-is-layout-flex\">\n<div class=\"wp-block-button has-custom-width wp-block-button__width-75\"><a class=\"wp-block-button__link has-ast-global-color-3-color has-text-color has-background\" href=\"https:\/\/wiki.luneale.co\/vi\/khu-trung-la-cup-nguyet-san\/\" style=\"background-color:#fde6b2\">&lt;Kh\u1eed tr\u00f9ng c\u1ed1c gi\u1eefa c\u00e1c chu k\u1ef3<\/a><\/div>\n<\/div>\n<\/div>\n\n\n\n<div class=\"wp-block-column is-layout-flow wp-block-column-is-layout-flow\">\n<div class=\"wp-block-buttons is-content-justification-center is-layout-flex wp-container-core-buttons-is-layout-a89b3969 wp-block-buttons-is-layout-flex\">\n<div class=\"wp-block-button has-custom-width wp-block-button__width-75\"><a class=\"wp-block-button__link has-ast-global-color-3-color has-ast-global-color-5-background-color has-text-color has-background\" href=\"https:\/\/luneale.co\/pages\/contact\">N\u1ebfu b\u1ea1n mu\u1ed1n li\u00ean h\u1ec7 v\u1edbi ch\u00fang t\u00f4i&gt;<\/a><\/div>\n<\/div>\n<\/div>\n<\/div>\n<\/div><\/div>\n","protected":false},"excerpt":{"rendered":"<p>Th\u00f4ng c\u00e1c l\u1ed7 kh\u00ed N\u1ebfu kinh nguy\u1ec7t c\u1ee7a b\u1ea1n \u0111\u1eb7c, c\u00e1c l\u1ed7 kh\u00ed c\u00f3 th\u1ec3 b\u1ecb t\u1eafc. \u0110\u1ec3 th\u00f4ng l\u1ed7 kh\u00ed, h\u00e3y \u0111\u1ed5 \u0111\u1ea7y n\u01b0\u1edbc v\u00e0o La Cup, d\u00f9ng b\u00e0n tay ch\u1eb7n mi\u1ec7ng c\u1ed1c v\u00e0 b\u00f3p th\u00e2n c\u1ed1c. N\u01b0\u1edbc s\u1ebd tr\u00e0o qua l\u1ed7 kh\u00ed v\u00e0 th\u00f4ng l\u1ed7 (c\u1ea9n th\u1eadn \u0111\u1eebng \u0111\u1ec3 n\u01b0\u1edbc b\u1eafn v\u00e0o ng\u01b0\u1eddi!) [&hellip;]<\/p>\n","protected":false},"author":1,"featured_media":1841,"parent":0,"menu_order":0,"comment_status":"closed","ping_status":"closed","template":"","meta":{"_uag_custom_page_level_css":"","site-sidebar-layout":"no-sidebar","site-content-layout":"plain-container","ast-site-content-layout":"normal-width-container","site-content-style":"unboxed","site-sidebar-style":"unboxed","ast-global-header-display":"","ast-banner-title-visibility":"","ast-main-header-display":"","ast-hfb-above-header-display":"","ast-hfb-below-header-display":"","ast-hfb-mobile-header-display":"","site-post-title":"disabled","ast-breadcrumbs-content":"disabled","ast-featured-img":"disabled","footer-sml-layout":"","theme-transparent-header-meta":"enabled","adv-header-id-meta":"","stick-header-meta":"","header-above-stick-meta":"","header-main-stick-meta":"","header-below-stick-meta":"","astra-migrate-meta-layouts":"default","ast-page-background-enabled":"default","ast-page-background-meta":{"desktop":{"background-color":"var(--ast-global-color-4)","background-image":"","background-repeat":"repeat","background-position":"center center","background-size":"auto","background-attachment":"scroll","background-type":"","background-media":"","overlay-type":"","overlay-color":"","overlay-opacity":"","overlay-gradient":""},"tablet":{"background-color":"","background-image":"","background-repeat":"repeat","background-position":"center center","background-size":"auto","background-attachment":"scroll","background-type":"","background-media":"","overlay-type":"","overlay-color":"","overlay-opacity":"","overlay-gradient":""},"mobile":{"background-color":"","background-image":"","background-repeat":"repeat","background-position":"center center","background-size":"auto","background-attachment":"scroll","background-type":"","background-media":"","overlay-type":"","overlay-color":"","overlay-opacity":"","overlay-gradient":""}},"ast-content-background-meta":{"desktop":{"background-color":"var(--ast-global-color-5)","background-image":"","background-repeat":"repeat","background-position":"center center","background-size":"auto","background-attachment":"scroll","background-type":"","background-media":"","overlay-type":"","overlay-color":"","overlay-opacity":"","overlay-gradient":""},"tablet":{"background-color":"var(--ast-global-color-5)","background-image":"","background-repeat":"repeat","background-position":"center center","background-size":"auto","background-attachment":"scroll","background-type":"","background-media":"","overlay-type":"","overlay-color":"","overlay-opacity":"","overlay-gradient":""},"mobile":{"background-color":"var(--ast-global-color-5)","background-image":"","background-repeat":"repeat","background-position":"center center","background-size":"auto","background-attachment":"scroll","background-type":"","background-media":"","overlay-type":"","overlay-color":"","overlay-opacity":"","overlay-gradient":""}},"footnotes":""},"class_list":["post-1606","page","type-page","status-publish","has-post-thumbnail","hentry"],"uagb_featured_image_src":{"full":["https:\/\/wiki.luneale.co\/wp-content\/uploads\/2022\/05\/La-Cup-Luneale-guide-dutilisation-de-la-cup-menstruelle-astuces-nettoyage-min.png",1200,630,false],"thumbnail":["https:\/\/wiki.luneale.co\/wp-content\/uploads\/2022\/05\/La-Cup-Luneale-guide-dutilisation-de-la-cup-menstruelle-astuces-nettoyage-min-150x150.png",150,150,true],"medium":["https:\/\/wiki.luneale.co\/wp-content\/uploads\/2022\/05\/La-Cup-Luneale-guide-dutilisation-de-la-cup-menstruelle-astuces-nettoyage-min-300x158.png",300,158,true],"medium_large":["https:\/\/wiki.luneale.co\/wp-content\/uploads\/2022\/05\/La-Cup-Luneale-guide-dutilisation-de-la-cup-menstruelle-astuces-nettoyage-min-768x403.png",768,403,true],"large":["https:\/\/wiki.luneale.co\/wp-content\/uploads\/2022\/05\/La-Cup-Luneale-guide-dutilisation-de-la-cup-menstruelle-astuces-nettoyage-min-1024x538.png",1024,538,true],"1536x1536":["https:\/\/wiki.luneale.co\/wp-content\/uploads\/2022\/05\/La-Cup-Luneale-guide-dutilisation-de-la-cup-menstruelle-astuces-nettoyage-min.png",1200,630,false],"2048x2048":["https:\/\/wiki.luneale.co\/wp-content\/uploads\/2022\/05\/La-Cup-Luneale-guide-dutilisation-de-la-cup-menstruelle-astuces-nettoyage-min.png",1200,630,false]},"uagb_author_info":{"display_name":"leocadie","author_link":"https:\/\/wiki.luneale.co\/vi\/author\/leocadie\/"},"uagb_comment_info":0,"uagb_excerpt":"Th\u00f4ng c\u00e1c l\u1ed7 kh\u00ed N\u1ebfu kinh nguy\u1ec7t c\u1ee7a b\u1ea1n \u0111\u1eb7c, c\u00e1c l\u1ed7 kh\u00ed c\u00f3 th\u1ec3 b\u1ecb t\u1eafc. \u0110\u1ec3 th\u00f4ng l\u1ed7 kh\u00ed, h\u00e3y \u0111\u1ed5 \u0111\u1ea7y n\u01b0\u1edbc v\u00e0o La Cup, d\u00f9ng b\u00e0n tay ch\u1eb7n mi\u1ec7ng c\u1ed1c v\u00e0 b\u00f3p th\u00e2n c\u1ed1c. N\u01b0\u1edbc s\u1ebd tr\u00e0o qua l\u1ed7 kh\u00ed v\u00e0 th\u00f4ng l\u1ed7 (c\u1ea9n th\u1eadn \u0111\u1eebng \u0111\u1ec3 n\u01b0\u1edbc b\u1eafn v\u00e0o ng\u01b0\u1eddi!)&hellip;","_links":{"self":[{"href":"https:\/\/wiki.luneale.co\/vi\/wp-json\/wp\/v2\/pages\/1606","targetHints":{"allow":["GET"]}}],"collection":[{"href":"https:\/\/wiki.luneale.co\/vi\/wp-json\/wp\/v2\/pages"}],"about":[{"href":"https:\/\/wiki.luneale.co\/vi\/wp-json\/wp\/v2\/types\/page"}],"author":[{"embeddable":true,"href":"https:\/\/wiki.luneale.co\/vi\/wp-json\/wp\/v2\/users\/1"}],"replies":[{"embeddable":true,"href":"https:\/\/wiki.luneale.co\/vi\/wp-json\/wp\/v2\/comments?post=1606"}],"version-history":[{"count":0,"href":"https:\/\/wiki.luneale.co\/vi\/wp-json\/wp\/v2\/pages\/1606\/revisions"}],"wp:featuredmedia":[{"embeddable":true,"href":"https:\/\/wiki.luneale.co\/vi\/wp-json\/wp\/v2\/media\/1841"}],"wp:attachment":[{"href":"https:\/\/wiki.luneale.co\/vi\/wp-json\/wp\/v2\/media?parent=1606"}],"curies":[{"name":"wp","href":"https:\/\/api.w.org\/{rel}","templated":true}]}}