{"id":1464,"date":"2022-04-29T17:59:40","date_gmt":"2022-04-29T17:59:40","guid":{"rendered":"https:\/\/wiki.luneale.co\/giai-phau-cua-la-cup\/"},"modified":"2022-05-09T02:46:58","modified_gmt":"2022-05-09T02:46:58","slug":"giai-phau-cua-la-cup","status":"publish","type":"page","link":"https:\/\/wiki.luneale.co\/vi\/giai-phau-cua-la-cup\/","title":{"rendered":"S\u01a1 \u0111\u1ed3 La Cup"},"content":{"rendered":"\n<div class=\"wp-block-cover alignfull is-light\" style=\"min-height:400px;aspect-ratio:unset;\"><span aria-hidden=\"true\" class=\"has-ast-global-color-6-background-color has-background-dim-10 wp-block-cover__gradient-background has-background-dim\"><\/span><img loading=\"lazy\" decoding=\"async\" width=\"1920\" height=\"600\" class=\"wp-block-cover__image-background wp-image-1085\" alt=\"\" src=\"https:\/\/wiki.luneale.co\/wp-content\/uploads\/2022\/04\/hero-anatomie-cup-menstruelle-glossaire-min.jpg\" style=\"object-position:51% 2%\" data-object-fit=\"cover\" data-object-position=\"51% 2%\" srcset=\"https:\/\/wiki.luneale.co\/wp-content\/uploads\/2022\/04\/hero-anatomie-cup-menstruelle-glossaire-min.jpg 1920w, https:\/\/wiki.luneale.co\/wp-content\/uploads\/2022\/04\/hero-anatomie-cup-menstruelle-glossaire-min-300x94.jpg 300w, https:\/\/wiki.luneale.co\/wp-content\/uploads\/2022\/04\/hero-anatomie-cup-menstruelle-glossaire-min-1024x320.jpg 1024w, https:\/\/wiki.luneale.co\/wp-content\/uploads\/2022\/04\/hero-anatomie-cup-menstruelle-glossaire-min-768x240.jpg 768w, https:\/\/wiki.luneale.co\/wp-content\/uploads\/2022\/04\/hero-anatomie-cup-menstruelle-glossaire-min-1536x480.jpg 1536w\" sizes=\"auto, (max-width: 1920px) 100vw, 1920px\" \/><div class=\"wp-block-cover__inner-container is-layout-flow wp-block-cover-is-layout-flow\">\n<h5 class=\"has-ast-global-color-3-color has-text-color wp-block-heading\">B\u1ea3ng ch\u00fa th\u00edch<\/h5>\n\n\n\n<h1 class=\"has-ast-global-color-3-color has-text-color wp-block-heading\">S\u01a1 \u0111\u1ed3 La Cup Luneale<\/h1>\n<\/div><\/div>\n\n\n\n<div class=\"inherit-container-width wp-block-group alignfull is-layout-constrained wp-block-group-is-layout-constrained\"><div class=\"wp-block-group__inner-container\">\n<div class=\"wp-block-columns alignfull is-layout-flex wp-container-core-columns-is-layout-28f84493 wp-block-columns-is-layout-flex\">\n<div class=\"wp-block-column is-layout-flow wp-block-column-is-layout-flow\">\n<figure class=\"wp-block-image size-full\"><img loading=\"lazy\" decoding=\"async\" width=\"600\" height=\"642\" src=\"https:\/\/wiki.luneale.co\/wp-content\/uploads\/2022\/05\/cup-luneale-anatomie-min.jpg\" alt=\"\" class=\"wp-image-1090\" srcset=\"https:\/\/wiki.luneale.co\/wp-content\/uploads\/2022\/05\/cup-luneale-anatomie-min.jpg 600w, https:\/\/wiki.luneale.co\/wp-content\/uploads\/2022\/05\/cup-luneale-anatomie-min-280x300.jpg 280w\" sizes=\"auto, (max-width: 600px) 100vw, 600px\" \/><\/figure>\n<\/div>\n\n\n\n<div class=\"wp-block-column is-layout-flow wp-block-column-is-layout-flow\">\n<h4 class=\"wp-block-heading\">1 &#8211; Mi\u1ec7ng c\u1ed1c<\/h4>\n\n\n\n<p>H\u00ecnh d\u00e1ng t\u01b0\u01a1ng t\u1ef1 gi\u1ecdt n\u01b0\u1edbc c\u1ee7a La gi\u00fap ch\u1ed1ng tr\u00e0n v\u00e0 \u0111\u1ea3m b\u1ea3o r\u1eb1ng c\u1ed1c \u1edf \u0111\u00fang v\u1ecb tr\u00ed. C\u1ea1nh ph\u1eb3ng b\u00ean ngo\u00e0i t\u1ea1o b\u1ec1 m\u1eb7t ti\u1ebfp x\u00fac v\u1edbi c\u01a1 th\u1ec3 b\u1ea1n t\u1ea1o \u0111\u1ed9 an to\u00e0n t\u1ed1i \u0111a, trong khi c\u1ea1nh v\u00e1t ph\u00eda trong t\u1ea1o d\u00f2ng ch\u1ea3y t\u1ef1 nhi\u00ean v\u00e0o c\u1ed1c.<\/p>\n\n\n\n<h4 class=\"wp-block-heading\">2 &#8211; L\u1ed7 kh\u00ed<\/h4>\n\n\n\n<p>Khi b\u1ea1n th\u00e1o c\u1ed1c, kh\u00f4ng kh\u00ed tr\u00e0n v\u00e0o qua nh\u1eefng l\u1ed7 n\u00e0y \u0111\u1ec3 ph\u00e1 s\u1ee9c h\u00fat.<\/p>\n\n\n\n<h4 class=\"wp-block-heading\">3 &#8211; Th\u00e2n c\u1ed1c<\/h4>\n\n\n\n<p>\u0110\u00e2y l\u00e0 n\u01a1i \u0111\u1ef1ng kinh nguy\u1ec7t. T\u00f9y v\u00e0o t\u1eebng m\u1eabu, c\u1ed1c c\u00f3 dung t\u00edch 20ml (S), 25ml (M) ho\u1eb7c 30ml (L).<\/p>\n\n\n\n<h4 class=\"wp-block-heading\">4 &#8211; MoonPad\u00ae<\/h4>\n\n\n\n<p>S\u00e1ng ch\u1ebf \u0111\u1ed9c quy\u1ec1n, \u0111\u01b0\u1ee3c c\u1ea5p b\u1eb1ng c\u1ee7a ch\u00fang t\u00f4i cho ph\u00e9p b\u1ea1n d\u1ec5 d\u00e0ng n\u1eafm \u0111\u01b0\u1ee3c \u0111\u00e1y c\u1ed1c \u0111\u1ec3 xoay n\u00f3 khi \u0111eo v\u00e0o v\u00e0 b\u1ea5m v\u00e0o khi th\u00e1o ra.<\/p>\n<\/div>\n<\/div>\n<\/div><\/div>\n\n\n\n<div class=\"inherit-container-width wp-block-group alignfull has-ast-global-color-8-background-color has-background is-layout-constrained wp-block-group-is-layout-constrained\"><div class=\"wp-block-group__inner-container\">\n<div class=\"wp-block-columns is-layout-flex wp-container-core-columns-is-layout-28f84493 wp-block-columns-is-layout-flex\">\n<div class=\"wp-block-column is-layout-flow wp-block-column-is-layout-flow\">\n<h3 class=\"has-ast-global-color-2-color has-text-color has-large-font-size wp-block-heading\">H\u01b0\u1edbng d\u1eabn s\u1eed d\u1ee5ng<\/h3>\n<\/div>\n\n\n\n<div class=\"wp-block-column is-layout-flow wp-block-column-is-layout-flow\">\n<div class=\"wp-block-buttons is-content-justification-center is-layout-flex wp-container-core-buttons-is-layout-a89b3969 wp-block-buttons-is-layout-flex\">\n<div class=\"wp-block-button\"><a class=\"wp-block-button__link has-ast-global-color-3-color has-text-color has-background\" href=\"https:\/\/wiki.luneale.co\/vi\/thong-tin-quan-trong\/\" style=\"background-color:#fde9ba\">&lt;Th\u00f4ng tin quan tr\u1ecdng<\/a><\/div>\n<\/div>\n<\/div>\n\n\n\n<div class=\"wp-block-column is-layout-flow wp-block-column-is-layout-flow\">\n<div class=\"wp-block-buttons is-content-justification-center is-layout-flex wp-container-core-buttons-is-layout-a89b3969 wp-block-buttons-is-layout-flex\">\n<div class=\"wp-block-button\"><a class=\"wp-block-button__link has-ast-global-color-3-color has-ast-global-color-5-background-color has-text-color has-background\" href=\"https:\/\/wiki.luneale.co\/vi\/gap-cai-la-cup\/\">G\u1ea5p La Cup&gt;<\/a><\/div>\n<\/div>\n<\/div>\n<\/div>\n<\/div><\/div>\n","protected":false},"excerpt":{"rendered":"<p>1 &#8211; Mi\u1ec7ng c\u1ed1c H\u00ecnh d\u00e1ng t\u01b0\u01a1ng t\u1ef1 gi\u1ecdt n\u01b0\u1edbc c\u1ee7a La gi\u00fap ch\u1ed1ng tr\u00e0n v\u00e0 \u0111\u1ea3m b\u1ea3o r\u1eb1ng c\u1ed1c \u1edf \u0111\u00fang v\u1ecb tr\u00ed. C\u1ea1nh ph\u1eb3ng b\u00ean ngo\u00e0i t\u1ea1o b\u1ec1 m\u1eb7t ti\u1ebfp x\u00fac v\u1edbi c\u01a1 th\u1ec3 b\u1ea1n t\u1ea1o \u0111\u1ed9 an to\u00e0n t\u1ed1i \u0111a, trong khi c\u1ea1nh v\u00e1t ph\u00eda trong t\u1ea1o d\u00f2ng ch\u1ea3y t\u1ef1 nhi\u00ean v\u00e0o [&hellip;]<\/p>\n","protected":false},"author":1,"featured_media":1831,"parent":0,"menu_order":0,"comment_status":"closed","ping_status":"closed","template":"","meta":{"_uag_custom_page_level_css":"","site-sidebar-layout":"no-sidebar","site-content-layout":"plain-container","ast-site-content-layout":"normal-width-container","site-content-style":"unboxed","site-sidebar-style":"unboxed","ast-global-header-display":"","ast-banner-title-visibility":"","ast-main-header-display":"","ast-hfb-above-header-display":"","ast-hfb-below-header-display":"","ast-hfb-mobile-header-display":"","site-post-title":"disabled","ast-breadcrumbs-content":"disabled","ast-featured-img":"disabled","footer-sml-layout":"","theme-transparent-header-meta":"enabled","adv-header-id-meta":"","stick-header-meta":"","header-above-stick-meta":"","header-main-stick-meta":"","header-below-stick-meta":"","astra-migrate-meta-layouts":"default","ast-page-background-enabled":"default","ast-page-background-meta":{"desktop":{"background-color":"var(--ast-global-color-4)","background-image":"","background-repeat":"repeat","background-position":"center center","background-size":"auto","background-attachment":"scroll","background-type":"","background-media":"","overlay-type":"","overlay-color":"","overlay-opacity":"","overlay-gradient":""},"tablet":{"background-color":"","background-image":"","background-repeat":"repeat","background-position":"center center","background-size":"auto","background-attachment":"scroll","background-type":"","background-media":"","overlay-type":"","overlay-color":"","overlay-opacity":"","overlay-gradient":""},"mobile":{"background-color":"","background-image":"","background-repeat":"repeat","background-position":"center center","background-size":"auto","background-attachment":"scroll","background-type":"","background-media":"","overlay-type":"","overlay-color":"","overlay-opacity":"","overlay-gradient":""}},"ast-content-background-meta":{"desktop":{"background-color":"var(--ast-global-color-5)","background-image":"","background-repeat":"repeat","background-position":"center center","background-size":"auto","background-attachment":"scroll","background-type":"","background-media":"","overlay-type":"","overlay-color":"","overlay-opacity":"","overlay-gradient":""},"tablet":{"background-color":"var(--ast-global-color-5)","background-image":"","background-repeat":"repeat","background-position":"center center","background-size":"auto","background-attachment":"scroll","background-type":"","background-media":"","overlay-type":"","overlay-color":"","overlay-opacity":"","overlay-gradient":""},"mobile":{"background-color":"var(--ast-global-color-5)","background-image":"","background-repeat":"repeat","background-position":"center center","background-size":"auto","background-attachment":"scroll","background-type":"","background-media":"","overlay-type":"","overlay-color":"","overlay-opacity":"","overlay-gradient":""}},"footnotes":""},"class_list":["post-1464","page","type-page","status-publish","has-post-thumbnail","hentry"],"uagb_featured_image_src":{"full":["https:\/\/wiki.luneale.co\/wp-content\/uploads\/2022\/05\/La-Cup-Luneale-guide-dutilisation-de-la-cup-menstruelle-anatomie-min.png",1200,630,false],"thumbnail":["https:\/\/wiki.luneale.co\/wp-content\/uploads\/2022\/05\/La-Cup-Luneale-guide-dutilisation-de-la-cup-menstruelle-anatomie-min-150x150.png",150,150,true],"medium":["https:\/\/wiki.luneale.co\/wp-content\/uploads\/2022\/05\/La-Cup-Luneale-guide-dutilisation-de-la-cup-menstruelle-anatomie-min-300x158.png",300,158,true],"medium_large":["https:\/\/wiki.luneale.co\/wp-content\/uploads\/2022\/05\/La-Cup-Luneale-guide-dutilisation-de-la-cup-menstruelle-anatomie-min-768x403.png",768,403,true],"large":["https:\/\/wiki.luneale.co\/wp-content\/uploads\/2022\/05\/La-Cup-Luneale-guide-dutilisation-de-la-cup-menstruelle-anatomie-min-1024x538.png",1024,538,true],"1536x1536":["https:\/\/wiki.luneale.co\/wp-content\/uploads\/2022\/05\/La-Cup-Luneale-guide-dutilisation-de-la-cup-menstruelle-anatomie-min.png",1200,630,false],"2048x2048":["https:\/\/wiki.luneale.co\/wp-content\/uploads\/2022\/05\/La-Cup-Luneale-guide-dutilisation-de-la-cup-menstruelle-anatomie-min.png",1200,630,false]},"uagb_author_info":{"display_name":"leocadie","author_link":"https:\/\/wiki.luneale.co\/vi\/author\/leocadie\/"},"uagb_comment_info":0,"uagb_excerpt":"1 &#8211; Mi\u1ec7ng c\u1ed1c H\u00ecnh d\u00e1ng t\u01b0\u01a1ng t\u1ef1 gi\u1ecdt n\u01b0\u1edbc c\u1ee7a La gi\u00fap ch\u1ed1ng tr\u00e0n v\u00e0 \u0111\u1ea3m b\u1ea3o r\u1eb1ng c\u1ed1c \u1edf \u0111\u00fang v\u1ecb tr\u00ed. C\u1ea1nh ph\u1eb3ng b\u00ean ngo\u00e0i t\u1ea1o b\u1ec1 m\u1eb7t ti\u1ebfp x\u00fac v\u1edbi c\u01a1 th\u1ec3 b\u1ea1n t\u1ea1o \u0111\u1ed9 an to\u00e0n t\u1ed1i \u0111a, trong khi c\u1ea1nh v\u00e1t ph\u00eda trong t\u1ea1o d\u00f2ng ch\u1ea3y t\u1ef1 nhi\u00ean v\u00e0o&hellip;","_links":{"self":[{"href":"https:\/\/wiki.luneale.co\/vi\/wp-json\/wp\/v2\/pages\/1464","targetHints":{"allow":["GET"]}}],"collection":[{"href":"https:\/\/wiki.luneale.co\/vi\/wp-json\/wp\/v2\/pages"}],"about":[{"href":"https:\/\/wiki.luneale.co\/vi\/wp-json\/wp\/v2\/types\/page"}],"author":[{"embeddable":true,"href":"https:\/\/wiki.luneale.co\/vi\/wp-json\/wp\/v2\/users\/1"}],"replies":[{"embeddable":true,"href":"https:\/\/wiki.luneale.co\/vi\/wp-json\/wp\/v2\/comments?post=1464"}],"version-history":[{"count":0,"href":"https:\/\/wiki.luneale.co\/vi\/wp-json\/wp\/v2\/pages\/1464\/revisions"}],"wp:featuredmedia":[{"embeddable":true,"href":"https:\/\/wiki.luneale.co\/vi\/wp-json\/wp\/v2\/media\/1831"}],"wp:attachment":[{"href":"https:\/\/wiki.luneale.co\/vi\/wp-json\/wp\/v2\/media?parent=1464"}],"curies":[{"name":"wp","href":"https:\/\/api.w.org\/{rel}","templated":true}]}}