{"id":1602,"date":"2022-05-03T09:56:28","date_gmt":"2022-05-03T09:56:28","guid":{"rendered":"https:\/\/wiki.luneale.co\/rengoringstips\/"},"modified":"2022-05-04T15:13:20","modified_gmt":"2022-05-04T15:13:20","slug":"rengoringstips","status":"publish","type":"page","link":"https:\/\/wiki.luneale.co\/sv\/rengoringstips\/","title":{"rendered":"Reng\u00f6ringstips"},"content":{"rendered":"\n<div class=\"wp-block-cover alignfull is-light\" style=\"min-height:300px;aspect-ratio:unset;\"><span aria-hidden=\"true\" class=\"has-ast-global-color-5-background-color has-background-dim-40 wp-block-cover__gradient-background has-background-dim\"><\/span><img loading=\"lazy\" decoding=\"async\" width=\"1920\" height=\"600\" class=\"wp-block-cover__image-background wp-image-1137\" alt=\"\" src=\"https:\/\/wiki.luneale.co\/wp-content\/uploads\/2022\/05\/hero-steriliser-cup-menstruelle-min.jpg\" style=\"object-position:48% 85%\" data-object-fit=\"cover\" data-object-position=\"48% 85%\" srcset=\"https:\/\/wiki.luneale.co\/wp-content\/uploads\/2022\/05\/hero-steriliser-cup-menstruelle-min.jpg 1920w, https:\/\/wiki.luneale.co\/wp-content\/uploads\/2022\/05\/hero-steriliser-cup-menstruelle-min-300x94.jpg 300w, https:\/\/wiki.luneale.co\/wp-content\/uploads\/2022\/05\/hero-steriliser-cup-menstruelle-min-1024x320.jpg 1024w, https:\/\/wiki.luneale.co\/wp-content\/uploads\/2022\/05\/hero-steriliser-cup-menstruelle-min-768x240.jpg 768w, https:\/\/wiki.luneale.co\/wp-content\/uploads\/2022\/05\/hero-steriliser-cup-menstruelle-min-1536x480.jpg 1536w\" sizes=\"auto, (max-width: 1920px) 100vw, 1920px\" \/><div class=\"wp-block-cover__inner-container is-layout-flow wp-block-cover-is-layout-flow\">\n<h1 class=\"has-white-color has-text-color wp-block-heading\">V\u00e5ra st\u00e4dtips<\/h1>\n<\/div><\/div>\n\n<div class=\"inherit-container-width wp-block-group alignwide is-layout-constrained wp-block-group-is-layout-constrained\"><div class=\"wp-block-group__inner-container\">\n<h2 class=\"alignwide wp-block-heading\">Rensa igen h\u00e5len<\/h2>\n\n\n\n<p>Om ditt blod \u00e4r tjockt kan h\u00e5len vara igensatta.<\/p>\n\n\n\n<p>F\u00f6r att l\u00e4tt kunna t\u00e4ppa igen dem, fyll La Cup med vatten, l\u00e4gg handen platt ovanp\u00e5 och tryck p\u00e5 k\u00e4rlet: vattnet kommer ut genom h\u00e5len och t\u00e4pper igen dem (var f\u00f6rsiktig s\u00e5 att du inte sprejar dig!)<\/p>\n\n\n\n<h2 class=\"alignwide wp-block-heading\">Om din kopp har blivit grumlig eller tonad<\/h2>\n\n\n\n<p>Du kan \u00e5terst\u00e4lla din kopp till sitt ursprungliga utseende genom att doppa den \u00f6ver natten i kokande vatten med saften av en halv citron eller lite spritvin\u00e4ger (vit vin\u00e4ger). T\u00e4nk p\u00e5 att sk\u00f6lja ordentligt efter\u00e5t.<\/p>\n\n\n\n<p><a href=\"https:\/\/luneale.co\/blogs\/cuplife\/cup-blanchie-que-faire\" target=\"_blank\" rel=\"noreferrer noopener\">F\u00f6rklaringar finns i v\u00e5r fullst\u00e4ndiga artikel<\/a>&gt; (\u00f6ppnas i en ny flik)<\/p>\n\n\n\n<h2 class=\"alignwide has-text-align-center has-ast-global-color-1-background-color has-background wp-block-heading\">Att avsluta<\/h2>\n<\/div><\/div>\n\n<div class=\"wp-block-columns is-layout-flex wp-container-core-columns-is-layout-28f84493 wp-block-columns-is-layout-flex\">\n<div class=\"wp-block-column is-layout-flow wp-block-column-is-layout-flow\" style=\"flex-basis:50%\">\n<h3 class=\"wp-block-heading\">Har du fler fr\u00e5gor?<\/h3>\n\n\n\n<p>Se de vanligaste fr\u00e5gorna p\u00e5 v\u00e5r sida: det \u00e4r mycket m\u00f6jligt att vi har t\u00e4ckt \u00e4mnet som ber\u00f6r dig (och om s\u00e5 inte \u00e4r fallet, tveka inte att ber\u00e4tta f\u00f6r oss s\u00e5 att vi kan l\u00e4gga till det)<\/p>\n<\/div>\n\n\n\n<div class=\"wp-block-column is-vertically-aligned-center is-layout-flow wp-block-column-is-layout-flow\" style=\"flex-basis:50%\">\n<div class=\"wp-block-buttons is-content-justification-center is-layout-flex wp-container-core-buttons-is-layout-a89b3969 wp-block-buttons-is-layout-flex\">\n<div class=\"wp-block-button has-custom-width wp-block-button__width-100\"><a class=\"wp-block-button__link has-ast-global-color-3-color has-text-color\" href=\"https:\/\/luneale.co\/pages\/faq\">Se FAQ &gt;<\/a><\/div>\n<\/div>\n<\/div>\n<\/div>\n\n<div class=\"wp-block-columns is-layout-flex wp-container-core-columns-is-layout-28f84493 wp-block-columns-is-layout-flex\">\n<div class=\"wp-block-column is-layout-flow wp-block-column-is-layout-flow\" style=\"flex-basis:50%\">\n<h3 class=\"wp-block-heading\">Vill du gr\u00e4va i vissa \u00e4mnen?<\/h3>\n\n\n\n<p>Vi publicerar m\u00e5nga artiklar p\u00e5 Cuplife, Luneale-bloggen! Tveka inte att konsultera den.<\/p>\n<\/div>\n\n\n\n<div class=\"wp-block-column is-vertically-aligned-center is-layout-flow wp-block-column-is-layout-flow\" style=\"flex-basis:50%\">\n<div class=\"wp-block-buttons is-content-justification-center is-layout-flex wp-container-core-buttons-is-layout-a89b3969 wp-block-buttons-is-layout-flex\">\n<div class=\"wp-block-button has-custom-width wp-block-button__width-100\"><a class=\"wp-block-button__link has-ast-global-color-3-color has-text-color\" href=\"https:\/\/luneale.co\/blogs\/cuplife\">L\u00e4s v\u00e5ra artiklar om Cuplife &gt;<\/a><\/div>\n<\/div>\n<\/div>\n<\/div>\n\n<div class=\"inherit-container-width wp-block-group alignfull has-ast-global-color-8-background-color has-background is-layout-constrained wp-block-group-is-layout-constrained\" id=\"visite\"><div class=\"wp-block-group__inner-container\">\n<div class=\"wp-block-columns is-layout-flex wp-container-core-columns-is-layout-28f84493 wp-block-columns-is-layout-flex\">\n<div class=\"wp-block-column is-layout-flow wp-block-column-is-layout-flow\">\n<h2 class=\"has-ast-global-color-2-color has-text-color has-large-font-size wp-block-heading\">Guidad tur<\/h2>\n\n\n\n<p>Bes\u00f6ket \u00e4r \u00f6ver! Om du fortfarande har fr\u00e5gor kan du kontakta oss.<\/p>\n<\/div>\n\n\n\n<div class=\"wp-block-column is-layout-flow wp-block-column-is-layout-flow\">\n<div class=\"wp-block-buttons is-content-justification-center is-layout-flex wp-container-core-buttons-is-layout-a89b3969 wp-block-buttons-is-layout-flex\">\n<div class=\"wp-block-button has-custom-width wp-block-button__width-75\"><a class=\"wp-block-button__link has-ast-global-color-3-color has-text-color has-background\" href=\"https:\/\/wiki.luneale.co\/sv\/sterilisera-la-cup-mellan-perioder\/\" style=\"background-color:#fde6b2\">&lt; Sterilisering mellan perioder<\/a><\/div>\n<\/div>\n<\/div>\n\n\n\n<div class=\"wp-block-column is-layout-flow wp-block-column-is-layout-flow\">\n<div class=\"wp-block-buttons is-content-justification-center is-layout-flex wp-container-core-buttons-is-layout-a89b3969 wp-block-buttons-is-layout-flex\">\n<div class=\"wp-block-button has-custom-width wp-block-button__width-75\"><a class=\"wp-block-button__link has-ast-global-color-3-color has-ast-global-color-5-background-color has-text-color has-background\" href=\"https:\/\/luneale.co\/pages\/contact\">Om du vill kontakta oss &gt;<\/a><\/div>\n<\/div>\n<\/div>\n<\/div>\n<\/div><\/div>\n","protected":false},"excerpt":{"rendered":"<p>Rensa igen h\u00e5len Om ditt blod \u00e4r tjockt kan h\u00e5len vara igensatta. F\u00f6r att l\u00e4tt kunna t\u00e4ppa igen dem, fyll La Cup med vatten, l\u00e4gg handen platt ovanp\u00e5 och tryck p\u00e5 k\u00e4rlet: vattnet kommer ut genom h\u00e5len och t\u00e4pper igen dem (var f\u00f6rsiktig s\u00e5 att du inte sprejar dig!) Om din kopp har blivit grumlig [&hellip;]<\/p>\n","protected":false},"author":1,"featured_media":1840,"parent":0,"menu_order":0,"comment_status":"closed","ping_status":"closed","template":"","meta":{"_uag_custom_page_level_css":"","site-sidebar-layout":"no-sidebar","site-content-layout":"plain-container","ast-site-content-layout":"normal-width-container","site-content-style":"unboxed","site-sidebar-style":"unboxed","ast-global-header-display":"","ast-banner-title-visibility":"","ast-main-header-display":"","ast-hfb-above-header-display":"","ast-hfb-below-header-display":"","ast-hfb-mobile-header-display":"","site-post-title":"disabled","ast-breadcrumbs-content":"disabled","ast-featured-img":"disabled","footer-sml-layout":"","theme-transparent-header-meta":"enabled","adv-header-id-meta":"","stick-header-meta":"","header-above-stick-meta":"","header-main-stick-meta":"","header-below-stick-meta":"","astra-migrate-meta-layouts":"default","ast-page-background-enabled":"default","ast-page-background-meta":{"desktop":{"background-color":"var(--ast-global-color-4)","background-image":"","background-repeat":"repeat","background-position":"center center","background-size":"auto","background-attachment":"scroll","background-type":"","background-media":"","overlay-type":"","overlay-color":"","overlay-opacity":"","overlay-gradient":""},"tablet":{"background-color":"","background-image":"","background-repeat":"repeat","background-position":"center center","background-size":"auto","background-attachment":"scroll","background-type":"","background-media":"","overlay-type":"","overlay-color":"","overlay-opacity":"","overlay-gradient":""},"mobile":{"background-color":"","background-image":"","background-repeat":"repeat","background-position":"center center","background-size":"auto","background-attachment":"scroll","background-type":"","background-media":"","overlay-type":"","overlay-color":"","overlay-opacity":"","overlay-gradient":""}},"ast-content-background-meta":{"desktop":{"background-color":"var(--ast-global-color-5)","background-image":"","background-repeat":"repeat","background-position":"center center","background-size":"auto","background-attachment":"scroll","background-type":"","background-media":"","overlay-type":"","overlay-color":"","overlay-opacity":"","overlay-gradient":""},"tablet":{"background-color":"var(--ast-global-color-5)","background-image":"","background-repeat":"repeat","background-position":"center center","background-size":"auto","background-attachment":"scroll","background-type":"","background-media":"","overlay-type":"","overlay-color":"","overlay-opacity":"","overlay-gradient":""},"mobile":{"background-color":"var(--ast-global-color-5)","background-image":"","background-repeat":"repeat","background-position":"center center","background-size":"auto","background-attachment":"scroll","background-type":"","background-media":"","overlay-type":"","overlay-color":"","overlay-opacity":"","overlay-gradient":""}},"footnotes":""},"class_list":["post-1602","page","type-page","status-publish","has-post-thumbnail","hentry"],"uagb_featured_image_src":{"full":["https:\/\/wiki.luneale.co\/wp-content\/uploads\/2022\/05\/La-Cup-Luneale-guide-dutilisation-de-la-cup-menstruelle-astuces-nettoyage-min.png",1200,630,false],"thumbnail":["https:\/\/wiki.luneale.co\/wp-content\/uploads\/2022\/05\/La-Cup-Luneale-guide-dutilisation-de-la-cup-menstruelle-astuces-nettoyage-min-150x150.png",150,150,true],"medium":["https:\/\/wiki.luneale.co\/wp-content\/uploads\/2022\/05\/La-Cup-Luneale-guide-dutilisation-de-la-cup-menstruelle-astuces-nettoyage-min-300x158.png",300,158,true],"medium_large":["https:\/\/wiki.luneale.co\/wp-content\/uploads\/2022\/05\/La-Cup-Luneale-guide-dutilisation-de-la-cup-menstruelle-astuces-nettoyage-min-768x403.png",768,403,true],"large":["https:\/\/wiki.luneale.co\/wp-content\/uploads\/2022\/05\/La-Cup-Luneale-guide-dutilisation-de-la-cup-menstruelle-astuces-nettoyage-min-1024x538.png",1024,538,true],"1536x1536":["https:\/\/wiki.luneale.co\/wp-content\/uploads\/2022\/05\/La-Cup-Luneale-guide-dutilisation-de-la-cup-menstruelle-astuces-nettoyage-min.png",1200,630,false],"2048x2048":["https:\/\/wiki.luneale.co\/wp-content\/uploads\/2022\/05\/La-Cup-Luneale-guide-dutilisation-de-la-cup-menstruelle-astuces-nettoyage-min.png",1200,630,false]},"uagb_author_info":{"display_name":"leocadie","author_link":"https:\/\/wiki.luneale.co\/sv\/author\/leocadie\/"},"uagb_comment_info":0,"uagb_excerpt":"Rensa igen h\u00e5len Om ditt blod \u00e4r tjockt kan h\u00e5len vara igensatta. F\u00f6r att l\u00e4tt kunna t\u00e4ppa igen dem, fyll La Cup med vatten, l\u00e4gg handen platt ovanp\u00e5 och tryck p\u00e5 k\u00e4rlet: vattnet kommer ut genom h\u00e5len och t\u00e4pper igen dem (var f\u00f6rsiktig s\u00e5 att du inte sprejar dig!) Om din kopp har blivit grumlig&hellip;","_links":{"self":[{"href":"https:\/\/wiki.luneale.co\/sv\/wp-json\/wp\/v2\/pages\/1602","targetHints":{"allow":["GET"]}}],"collection":[{"href":"https:\/\/wiki.luneale.co\/sv\/wp-json\/wp\/v2\/pages"}],"about":[{"href":"https:\/\/wiki.luneale.co\/sv\/wp-json\/wp\/v2\/types\/page"}],"author":[{"embeddable":true,"href":"https:\/\/wiki.luneale.co\/sv\/wp-json\/wp\/v2\/users\/1"}],"replies":[{"embeddable":true,"href":"https:\/\/wiki.luneale.co\/sv\/wp-json\/wp\/v2\/comments?post=1602"}],"version-history":[{"count":0,"href":"https:\/\/wiki.luneale.co\/sv\/wp-json\/wp\/v2\/pages\/1602\/revisions"}],"wp:featuredmedia":[{"embeddable":true,"href":"https:\/\/wiki.luneale.co\/sv\/wp-json\/wp\/v2\/media\/1840"}],"wp:attachment":[{"href":"https:\/\/wiki.luneale.co\/sv\/wp-json\/wp\/v2\/media?parent=1602"}],"curies":[{"name":"wp","href":"https:\/\/api.w.org\/{rel}","templated":true}]}}