{"id":1496,"date":"2020-10-22T10:00:27","date_gmt":"2020-10-22T10:00:27","guid":{"rendered":"https:\/\/wiki.luneale.co\/vik-la-cup\/"},"modified":"2022-05-04T15:02:56","modified_gmt":"2022-05-04T15:02:56","slug":"vik-la-cup","status":"publish","type":"page","link":"https:\/\/wiki.luneale.co\/sv\/vik-la-cup\/","title":{"rendered":"Vik La Cup"},"content":{"rendered":"\n<div class=\"wp-block-cover alignfull is-light\" style=\"min-height:300px;aspect-ratio:unset;\"><span aria-hidden=\"true\" class=\"has-ast-global-color-2-background-color has-background-dim-30 wp-block-cover__gradient-background has-background-dim\"><\/span><img loading=\"lazy\" decoding=\"async\" width=\"1920\" height=\"600\" class=\"wp-block-cover__image-background wp-image-1005\" alt=\"comment plier cup menstruelle - pliages pour coupe menstruelle\" src=\"https:\/\/wiki.luneale.co\/wp-content\/uploads\/2022\/04\/hero-comment-plier-cup-menstruelle-plis-min.jpg\" style=\"object-position:56% 88%\" data-object-fit=\"cover\" data-object-position=\"56% 88%\" srcset=\"https:\/\/wiki.luneale.co\/wp-content\/uploads\/2022\/04\/hero-comment-plier-cup-menstruelle-plis-min.jpg 1920w, https:\/\/wiki.luneale.co\/wp-content\/uploads\/2022\/04\/hero-comment-plier-cup-menstruelle-plis-min-300x94.jpg 300w, https:\/\/wiki.luneale.co\/wp-content\/uploads\/2022\/04\/hero-comment-plier-cup-menstruelle-plis-min-1024x320.jpg 1024w, https:\/\/wiki.luneale.co\/wp-content\/uploads\/2022\/04\/hero-comment-plier-cup-menstruelle-plis-min-768x240.jpg 768w, https:\/\/wiki.luneale.co\/wp-content\/uploads\/2022\/04\/hero-comment-plier-cup-menstruelle-plis-min-1536x480.jpg 1536w\" sizes=\"auto, (max-width: 1920px) 100vw, 1920px\" \/><div class=\"wp-block-cover__inner-container is-layout-flow wp-block-cover-is-layout-flow\">\n<h1 class=\"has-white-color has-text-color wp-block-heading\">Vik La Cup<\/h1>\n\n\n\n<h5 class=\"wp-block-heading\">De olika vecken av La Cup Luneale kommer inte att ha fler hemligheter f\u00f6r dig!<\/h5>\n<\/div><\/div>\n\n<div class=\"inherit-container-width wp-block-group alignfull is-layout-constrained wp-block-group-is-layout-constrained\" id=\"pliC\"><div class=\"wp-block-group__inner-container\">\n<p class=\"has-text-align-center has-ast-global-color-3-color has-ast-global-color-1-background-color has-text-color has-background has-medium-font-size\">Viktigt: tv\u00e4tta alltid h\u00e4nderna noggrant innan du hanterar La Cup !<\/p>\n\n\n\n<div class=\"wp-block-columns are-vertically-aligned-center is-layout-flex wp-container-core-columns-is-layout-28f84493 wp-block-columns-is-layout-flex\">\n<div class=\"wp-block-column is-vertically-aligned-center is-layout-flow wp-block-column-is-layout-flow\" style=\"flex-basis:33.33%\">\n<h6 class=\"wp-block-heading\">Vikning nr 1<\/h6>\n\n\n\n<h2 class=\"wp-block-heading\">C-vecket<\/h2>\n\n\n\n<figure class=\"wp-block-image size-full is-style-rounded\"><img loading=\"lazy\" decoding=\"async\" width=\"500\" height=\"500\" src=\"https:\/\/wiki.luneale.co\/wp-content\/uploads\/2022\/04\/cup-menstruelle-pli-en-C-min.jpg\" alt=\"c-vikt menskopp\" class=\"wp-image-1010\" srcset=\"https:\/\/wiki.luneale.co\/wp-content\/uploads\/2022\/04\/cup-menstruelle-pli-en-C-min.jpg 500w, https:\/\/wiki.luneale.co\/wp-content\/uploads\/2022\/04\/cup-menstruelle-pli-en-C-min-300x300.jpg 300w, https:\/\/wiki.luneale.co\/wp-content\/uploads\/2022\/04\/cup-menstruelle-pli-en-C-min-150x150.jpg 150w\" sizes=\"auto, (max-width: 500px) 100vw, 500px\" \/><\/figure>\n\n\n\n<p><\/p>\n<\/div>\n\n\n\n<div class=\"wp-block-column is-vertically-aligned-center is-layout-flow wp-block-column-is-layout-flow\" style=\"flex-basis:66.66%\">\n<p>Platta till La Cup och vik den p\u00e5 mitten p\u00e5 sig sj\u00e4lv.<br\/>Den vikta sidan ska placeras p\u00e5 baksidan av slidan under inf\u00f6randet (se prickade linjer).<\/p>\n\n\n\n<p>C-vikningen rekommenderas med 2-stegsinf\u00f6rande. <\/p>\n<\/div>\n<\/div>\n\n\n\n<figure class=\"wp-block-embed is-type-video is-provider-youtube wp-block-embed-youtube wp-embed-aspect-16-9 wp-has-aspect-ratio\"><div class=\"wp-block-embed__wrapper\">\n<div class=\"ast-oembed-container \" style=\"height: 100%;\"><iframe loading=\"lazy\" title=\"Le pli en C de La Cup - Tuto cup menstruelle by Luneale\" width=\"500\" height=\"281\" src=\"https:\/\/www.youtube.com\/embed\/9LUcm4IMByY?feature=oembed\" frameborder=\"0\" allow=\"accelerometer; autoplay; clipboard-write; encrypted-media; gyroscope; picture-in-picture; web-share\" referrerpolicy=\"strict-origin-when-cross-origin\" allowfullscreen><\/iframe><\/div>\n<\/div><\/figure>\n<\/div><\/div>\n\n<div class=\"inherit-container-width wp-block-group alignfull has-ast-global-color-0-background-color has-background is-layout-constrained wp-block-group-is-layout-constrained\" id=\"plipunchdown\"><div class=\"wp-block-group__inner-container\">\n<div class=\"wp-block-columns are-vertically-aligned-center is-layout-flex wp-container-core-columns-is-layout-28f84493 wp-block-columns-is-layout-flex\">\n<div class=\"wp-block-column is-vertically-aligned-center is-layout-flow wp-block-column-is-layout-flow\" style=\"flex-basis:33.33%\">\n<h6 class=\"wp-block-heading\">Vikning nr 2<\/h6>\n\n\n\n<h2 class=\"wp-block-heading\">Punchdown-vikningen<\/h2>\n\n\n\n<figure class=\"wp-block-image size-full is-style-rounded\"><img loading=\"lazy\" decoding=\"async\" width=\"500\" height=\"500\" src=\"https:\/\/wiki.luneale.co\/wp-content\/uploads\/2022\/04\/pli-punchdown-cup-menstruelle-min.jpg\" alt=\"menskopp punchdown veck\" class=\"wp-image-1011\" srcset=\"https:\/\/wiki.luneale.co\/wp-content\/uploads\/2022\/04\/pli-punchdown-cup-menstruelle-min.jpg 500w, https:\/\/wiki.luneale.co\/wp-content\/uploads\/2022\/04\/pli-punchdown-cup-menstruelle-min-300x300.jpg 300w, https:\/\/wiki.luneale.co\/wp-content\/uploads\/2022\/04\/pli-punchdown-cup-menstruelle-min-150x150.jpg 150w\" sizes=\"auto, (max-width: 500px) 100vw, 500px\" \/><\/figure>\n\n\n\n<p><\/p>\n<\/div>\n\n\n\n<div class=\"wp-block-column is-vertically-aligned-center is-layout-flow wp-block-column-is-layout-flow\" style=\"flex-basis:66.66%\">\n<p>F\u00f6r in ena kanten av ringen mot insidan av beh\u00e5llaren.<br\/>L\u00e5ngsidan ska placeras p\u00e5 baksidan av slidan vid inf\u00f6randet (se prickade linjer).<\/p>\n\n\n\n<p>Punchdown-vikningen rekommenderas med direkt ins\u00e4ttning. <\/p>\n<\/div>\n<\/div>\n\n\n\n<figure class=\"wp-block-embed is-type-video is-provider-youtube wp-block-embed-youtube wp-embed-aspect-16-9 wp-has-aspect-ratio\"><div class=\"wp-block-embed__wrapper\">\n<div class=\"ast-oembed-container \" style=\"height: 100%;\"><iframe loading=\"lazy\" title=\"Le pli Punchdown de La Cup - Tuto cup menstruelle by Luneale\" width=\"500\" height=\"281\" src=\"https:\/\/www.youtube.com\/embed\/dg8tNekS28E?feature=oembed\" frameborder=\"0\" allow=\"accelerometer; autoplay; clipboard-write; encrypted-media; gyroscope; picture-in-picture; web-share\" referrerpolicy=\"strict-origin-when-cross-origin\" allowfullscreen><\/iframe><\/div>\n<\/div><\/figure>\n<\/div><\/div>\n\n<div class=\"inherit-container-width wp-block-group alignfull has-ast-global-color-8-background-color has-background is-layout-constrained wp-block-group-is-layout-constrained\" id=\"visite\"><div class=\"wp-block-group__inner-container\">\n<div class=\"wp-block-columns is-layout-flex wp-container-core-columns-is-layout-28f84493 wp-block-columns-is-layout-flex\">\n<div class=\"wp-block-column is-layout-flow wp-block-column-is-layout-flow\">\n<h2 class=\"has-ast-global-color-2-color has-text-color has-large-font-size wp-block-heading\">Guidad tur<\/h2>\n<\/div>\n\n\n\n<div class=\"wp-block-column is-layout-flow wp-block-column-is-layout-flow\">\n<div class=\"wp-block-buttons is-content-justification-center is-layout-flex wp-container-core-buttons-is-layout-a89b3969 wp-block-buttons-is-layout-flex\">\n<div class=\"wp-block-button has-custom-width wp-block-button__width-75\"><a class=\"wp-block-button__link has-ast-global-color-3-color has-text-color has-background\" href=\"https:\/\/wiki.luneale.co\/sv\/la-cups-anatomi\/\" style=\"background-color:#fee5ab\">&lt; La Cup Anatomy<\/a><\/div>\n<\/div>\n<\/div>\n\n\n\n<div class=\"wp-block-column is-layout-flow wp-block-column-is-layout-flow\">\n<div class=\"wp-block-buttons is-content-justification-center is-layout-flex wp-container-core-buttons-is-layout-a89b3969 wp-block-buttons-is-layout-flex\">\n<div class=\"wp-block-button has-custom-width wp-block-button__width-75\"><a class=\"wp-block-button__link has-ast-global-color-3-color has-ast-global-color-5-background-color has-text-color has-background\" href=\"https:\/\/wiki.luneale.co\/sv\/satt-i-la-cup\/\">S\u00e4tt i La Cup &gt;<\/a><\/div>\n<\/div>\n<\/div>\n<\/div>\n<\/div><\/div>\n","protected":false},"excerpt":{"rendered":"<p>Viktigt: tv\u00e4tta alltid h\u00e4nderna noggrant innan du hanterar La Cup ! Vikning nr 1 C-vecket Platta till La Cup och vik den p\u00e5 mitten p\u00e5 sig sj\u00e4lv.Den vikta sidan ska placeras p\u00e5 baksidan av slidan under inf\u00f6randet (se prickade linjer). C-vikningen rekommenderas med 2-stegsinf\u00f6rande. Vikning nr 2 Punchdown-vikningen F\u00f6r in ena kanten av ringen mot [&hellip;]<\/p>\n","protected":false},"author":1,"featured_media":1886,"parent":0,"menu_order":0,"comment_status":"closed","ping_status":"closed","template":"","meta":{"_uag_custom_page_level_css":"","site-sidebar-layout":"no-sidebar","site-content-layout":"plain-container","ast-site-content-layout":"normal-width-container","site-content-style":"unboxed","site-sidebar-style":"unboxed","ast-global-header-display":"","ast-banner-title-visibility":"","ast-main-header-display":"","ast-hfb-above-header-display":"","ast-hfb-below-header-display":"","ast-hfb-mobile-header-display":"","site-post-title":"disabled","ast-breadcrumbs-content":"disabled","ast-featured-img":"disabled","footer-sml-layout":"","theme-transparent-header-meta":"enabled","adv-header-id-meta":"","stick-header-meta":"","header-above-stick-meta":"","header-main-stick-meta":"","header-below-stick-meta":"","astra-migrate-meta-layouts":"default","ast-page-background-enabled":"default","ast-page-background-meta":{"desktop":{"background-color":"var(--ast-global-color-4)","background-image":"","background-repeat":"repeat","background-position":"center center","background-size":"auto","background-attachment":"scroll","background-type":"","background-media":"","overlay-type":"","overlay-color":"","overlay-opacity":"","overlay-gradient":""},"tablet":{"background-color":"","background-image":"","background-repeat":"repeat","background-position":"center center","background-size":"auto","background-attachment":"scroll","background-type":"","background-media":"","overlay-type":"","overlay-color":"","overlay-opacity":"","overlay-gradient":""},"mobile":{"background-color":"","background-image":"","background-repeat":"repeat","background-position":"center center","background-size":"auto","background-attachment":"scroll","background-type":"","background-media":"","overlay-type":"","overlay-color":"","overlay-opacity":"","overlay-gradient":""}},"ast-content-background-meta":{"desktop":{"background-color":"var(--ast-global-color-5)","background-image":"","background-repeat":"repeat","background-position":"center center","background-size":"auto","background-attachment":"scroll","background-type":"","background-media":"","overlay-type":"","overlay-color":"","overlay-opacity":"","overlay-gradient":""},"tablet":{"background-color":"var(--ast-global-color-5)","background-image":"","background-repeat":"repeat","background-position":"center center","background-size":"auto","background-attachment":"scroll","background-type":"","background-media":"","overlay-type":"","overlay-color":"","overlay-opacity":"","overlay-gradient":""},"mobile":{"background-color":"var(--ast-global-color-5)","background-image":"","background-repeat":"repeat","background-position":"center center","background-size":"auto","background-attachment":"scroll","background-type":"","background-media":"","overlay-type":"","overlay-color":"","overlay-opacity":"","overlay-gradient":""}},"footnotes":""},"class_list":["post-1496","page","type-page","status-publish","has-post-thumbnail","hentry"],"uagb_featured_image_src":{"full":["https:\/\/wiki.luneale.co\/wp-content\/uploads\/2022\/05\/La-Cup-Luneale-guide-dutilisation-de-la-cup-menstruelle-plier.png",1200,630,false],"thumbnail":["https:\/\/wiki.luneale.co\/wp-content\/uploads\/2022\/05\/La-Cup-Luneale-guide-dutilisation-de-la-cup-menstruelle-plier-150x150.png",150,150,true],"medium":["https:\/\/wiki.luneale.co\/wp-content\/uploads\/2022\/05\/La-Cup-Luneale-guide-dutilisation-de-la-cup-menstruelle-plier-300x158.png",300,158,true],"medium_large":["https:\/\/wiki.luneale.co\/wp-content\/uploads\/2022\/05\/La-Cup-Luneale-guide-dutilisation-de-la-cup-menstruelle-plier-768x403.png",768,403,true],"large":["https:\/\/wiki.luneale.co\/wp-content\/uploads\/2022\/05\/La-Cup-Luneale-guide-dutilisation-de-la-cup-menstruelle-plier-1024x538.png",1024,538,true],"1536x1536":["https:\/\/wiki.luneale.co\/wp-content\/uploads\/2022\/05\/La-Cup-Luneale-guide-dutilisation-de-la-cup-menstruelle-plier.png",1200,630,false],"2048x2048":["https:\/\/wiki.luneale.co\/wp-content\/uploads\/2022\/05\/La-Cup-Luneale-guide-dutilisation-de-la-cup-menstruelle-plier.png",1200,630,false]},"uagb_author_info":{"display_name":"leocadie","author_link":"https:\/\/wiki.luneale.co\/sv\/author\/leocadie\/"},"uagb_comment_info":0,"uagb_excerpt":"Viktigt: tv\u00e4tta alltid h\u00e4nderna noggrant innan du hanterar La Cup ! Vikning nr 1 C-vecket Platta till La Cup och vik den p\u00e5 mitten p\u00e5 sig sj\u00e4lv.Den vikta sidan ska placeras p\u00e5 baksidan av slidan under inf\u00f6randet (se prickade linjer). C-vikningen rekommenderas med 2-stegsinf\u00f6rande. Vikning nr 2 Punchdown-vikningen F\u00f6r in ena kanten av ringen mot&hellip;","_links":{"self":[{"href":"https:\/\/wiki.luneale.co\/sv\/wp-json\/wp\/v2\/pages\/1496","targetHints":{"allow":["GET"]}}],"collection":[{"href":"https:\/\/wiki.luneale.co\/sv\/wp-json\/wp\/v2\/pages"}],"about":[{"href":"https:\/\/wiki.luneale.co\/sv\/wp-json\/wp\/v2\/types\/page"}],"author":[{"embeddable":true,"href":"https:\/\/wiki.luneale.co\/sv\/wp-json\/wp\/v2\/users\/1"}],"replies":[{"embeddable":true,"href":"https:\/\/wiki.luneale.co\/sv\/wp-json\/wp\/v2\/comments?post=1496"}],"version-history":[{"count":0,"href":"https:\/\/wiki.luneale.co\/sv\/wp-json\/wp\/v2\/pages\/1496\/revisions"}],"wp:featuredmedia":[{"embeddable":true,"href":"https:\/\/wiki.luneale.co\/sv\/wp-json\/wp\/v2\/media\/1886"}],"wp:attachment":[{"href":"https:\/\/wiki.luneale.co\/sv\/wp-json\/wp\/v2\/media?parent=1496"}],"curies":[{"name":"wp","href":"https:\/\/api.w.org\/{rel}","templated":true}]}}