{"id":1598,"date":"2022-05-03T09:56:28","date_gmt":"2022-05-03T09:56:28","guid":{"rendered":"https:\/\/wiki.luneale.co\/consejos-de-limpieza\/"},"modified":"2022-05-04T15:12:22","modified_gmt":"2022-05-04T15:12:22","slug":"consejos-de-limpieza","status":"publish","type":"page","link":"https:\/\/wiki.luneale.co\/es\/consejos-de-limpieza\/","title":{"rendered":"Consejos de limpieza"},"content":{"rendered":"\n<div class=\"wp-block-cover alignfull is-light\" style=\"min-height:300px;aspect-ratio:unset;\"><span aria-hidden=\"true\" class=\"has-ast-global-color-5-background-color has-background-dim-40 wp-block-cover__gradient-background has-background-dim\"><\/span><img loading=\"lazy\" decoding=\"async\" width=\"1920\" height=\"600\" class=\"wp-block-cover__image-background wp-image-1137\" alt=\"\" src=\"https:\/\/wiki.luneale.co\/wp-content\/uploads\/2022\/05\/hero-steriliser-cup-menstruelle-min.jpg\" style=\"object-position:48% 85%\" data-object-fit=\"cover\" data-object-position=\"48% 85%\" srcset=\"https:\/\/wiki.luneale.co\/wp-content\/uploads\/2022\/05\/hero-steriliser-cup-menstruelle-min.jpg 1920w, https:\/\/wiki.luneale.co\/wp-content\/uploads\/2022\/05\/hero-steriliser-cup-menstruelle-min-300x94.jpg 300w, https:\/\/wiki.luneale.co\/wp-content\/uploads\/2022\/05\/hero-steriliser-cup-menstruelle-min-1024x320.jpg 1024w, https:\/\/wiki.luneale.co\/wp-content\/uploads\/2022\/05\/hero-steriliser-cup-menstruelle-min-768x240.jpg 768w, https:\/\/wiki.luneale.co\/wp-content\/uploads\/2022\/05\/hero-steriliser-cup-menstruelle-min-1536x480.jpg 1536w\" sizes=\"auto, (max-width: 1920px) 100vw, 1920px\" \/><div class=\"wp-block-cover__inner-container is-layout-flow wp-block-cover-is-layout-flow\">\n<h1 class=\"has-white-color has-text-color wp-block-heading\">Nuestros consejos de limpieza<\/h1>\n<\/div><\/div>\n\n<div class=\"inherit-container-width wp-block-group alignwide is-layout-constrained wp-block-group-is-layout-constrained\"><div class=\"wp-block-group__inner-container\">\n<h2 class=\"alignwide wp-block-heading\">Destapar los agujeros<\/h2>\n\n\n\n<p>Si su sangre es espesa, los orificios pueden estar obstruidos.<\/p>\n\n\n\n<p>Para destaparlos f\u00e1cilmente, llena La Cup con agua, coloca la mano plana encima y presiona el recipiente: el agua saldr\u00e1 por los agujeros y los destapar\u00e1 (\u00a1cuidado con rociarte!)<\/p>\n\n\n\n<h2 class=\"alignwide wp-block-heading\">Si tu copa se ha vuelto turbia o te\u00f1ida<\/h2>\n\n\n\n<p>Puedes restaurar tu Copa a su aspecto original sumergi\u00e9ndola durante la noche en agua hirviendo con el jugo de medio lim\u00f3n o un poco de vinagre de alcohol (vinagre blanco). Recuerda enjuagarlo bien despu\u00e9s.<\/p>\n\n\n\n<p><a href=\"https:\/\/luneale.co\/blogs\/cuplife\/cup-blanchie-que-faire\" target=\"_blank\" rel=\"noreferrer noopener\">Las explicaciones est\u00e1n en nuestro art\u00edculo completo.<\/a>&gt; (se abre en una nueva pesta\u00f1a)<\/p>\n\n\n\n<h2 class=\"alignwide has-text-align-center has-ast-global-color-1-background-color has-background wp-block-heading\">Para terminar<\/h2>\n<\/div><\/div>\n\n<div class=\"wp-block-columns is-layout-flex wp-container-core-columns-is-layout-28f84493 wp-block-columns-is-layout-flex\">\n<div class=\"wp-block-column is-layout-flow wp-block-column-is-layout-flow\" style=\"flex-basis:50%\">\n<h3 class=\"wp-block-heading\">\u00bfTienes m\u00e1s preguntas?<\/h3>\n\n\n\n<p>Consulta las preguntas frecuentes en nuestro sitio: es muy posible que hayamos tratado el tema que te preocupa (y si no es as\u00ed, no dudes en dec\u00edrnoslo para que lo a\u00f1adamos)<\/p>\n<\/div>\n\n\n\n<div class=\"wp-block-column is-vertically-aligned-center is-layout-flow wp-block-column-is-layout-flow\" style=\"flex-basis:50%\">\n<div class=\"wp-block-buttons is-content-justification-center is-layout-flex wp-container-core-buttons-is-layout-a89b3969 wp-block-buttons-is-layout-flex\">\n<div class=\"wp-block-button has-custom-width wp-block-button__width-100\"><a class=\"wp-block-button__link has-ast-global-color-3-color has-text-color\" href=\"https:\/\/luneale.co\/pages\/faq\">Consulta las preguntas frecuentes &gt;<\/a><\/div>\n<\/div>\n<\/div>\n<\/div>\n\n<div class=\"wp-block-columns is-layout-flex wp-container-core-columns-is-layout-28f84493 wp-block-columns-is-layout-flex\">\n<div class=\"wp-block-column is-layout-flow wp-block-column-is-layout-flow\" style=\"flex-basis:50%\">\n<h3 class=\"wp-block-heading\">\u00bfQuieres profundizar en ciertos temas?<\/h3>\n\n\n\n<p>\u00a1Publicamos muchos art\u00edculos en Cuplife, el blog de Luneale! No dudes en consultarlo.<\/p>\n<\/div>\n\n\n\n<div class=\"wp-block-column is-vertically-aligned-center is-layout-flow wp-block-column-is-layout-flow\" style=\"flex-basis:50%\">\n<div class=\"wp-block-buttons is-content-justification-center is-layout-flex wp-container-core-buttons-is-layout-a89b3969 wp-block-buttons-is-layout-flex\">\n<div class=\"wp-block-button has-custom-width wp-block-button__width-100\"><a class=\"wp-block-button__link has-ast-global-color-3-color has-text-color\" href=\"https:\/\/luneale.co\/blogs\/cuplife\">Lee nuestros art\u00edculos sobre Cuplife &gt;<\/a><\/div>\n<\/div>\n<\/div>\n<\/div>\n\n<div class=\"inherit-container-width wp-block-group alignfull has-ast-global-color-8-background-color has-background is-layout-constrained wp-block-group-is-layout-constrained\" id=\"visite\"><div class=\"wp-block-group__inner-container\">\n<div class=\"wp-block-columns is-layout-flex wp-container-core-columns-is-layout-28f84493 wp-block-columns-is-layout-flex\">\n<div class=\"wp-block-column is-layout-flow wp-block-column-is-layout-flow\">\n<h2 class=\"has-ast-global-color-2-color has-text-color has-large-font-size wp-block-heading\">Visita guiada<\/h2>\n\n\n\n<p>\u00a1Se acab\u00f3 la visita! Si todav\u00eda tienes preguntas, puedes contactarnos.<\/p>\n<\/div>\n\n\n\n<div class=\"wp-block-column is-layout-flow wp-block-column-is-layout-flow\">\n<div class=\"wp-block-buttons is-content-justification-center is-layout-flex wp-container-core-buttons-is-layout-a89b3969 wp-block-buttons-is-layout-flex\">\n<div class=\"wp-block-button has-custom-width wp-block-button__width-75\"><a class=\"wp-block-button__link has-ast-global-color-3-color has-text-color has-background\" href=\"https:\/\/wiki.luneale.co\/es\/esterilizacion-la-cup-entre-periodos\/\" style=\"background-color:#fde6b2\">&lt; Esterilizaci\u00f3n entre periodos<\/a><\/div>\n<\/div>\n<\/div>\n\n\n\n<div class=\"wp-block-column is-layout-flow wp-block-column-is-layout-flow\">\n<div class=\"wp-block-buttons is-content-justification-center is-layout-flex wp-container-core-buttons-is-layout-a89b3969 wp-block-buttons-is-layout-flex\">\n<div class=\"wp-block-button has-custom-width wp-block-button__width-75\"><a class=\"wp-block-button__link has-ast-global-color-3-color has-ast-global-color-5-background-color has-text-color has-background\" href=\"https:\/\/luneale.co\/pages\/contact\">Si quieres contactar con nosotros &gt;<\/a><\/div>\n<\/div>\n<\/div>\n<\/div>\n<\/div><\/div>\n","protected":false},"excerpt":{"rendered":"<p>Destapar los agujeros Si su sangre es espesa, los orificios pueden estar obstruidos. Para destaparlos f\u00e1cilmente, llena La Cup con agua, coloca la mano plana encima y presiona el recipiente: el agua saldr\u00e1 por los agujeros y los destapar\u00e1 (\u00a1cuidado con rociarte!) Si tu copa se ha vuelto turbia o te\u00f1ida Puedes restaurar tu Copa [&hellip;]<\/p>\n","protected":false},"author":1,"featured_media":1839,"parent":0,"menu_order":0,"comment_status":"closed","ping_status":"closed","template":"","meta":{"_uag_custom_page_level_css":"","site-sidebar-layout":"no-sidebar","site-content-layout":"plain-container","ast-site-content-layout":"normal-width-container","site-content-style":"unboxed","site-sidebar-style":"unboxed","ast-global-header-display":"","ast-banner-title-visibility":"","ast-main-header-display":"","ast-hfb-above-header-display":"","ast-hfb-below-header-display":"","ast-hfb-mobile-header-display":"","site-post-title":"disabled","ast-breadcrumbs-content":"disabled","ast-featured-img":"disabled","footer-sml-layout":"","theme-transparent-header-meta":"enabled","adv-header-id-meta":"","stick-header-meta":"","header-above-stick-meta":"","header-main-stick-meta":"","header-below-stick-meta":"","astra-migrate-meta-layouts":"default","ast-page-background-enabled":"default","ast-page-background-meta":{"desktop":{"background-color":"var(--ast-global-color-4)","background-image":"","background-repeat":"repeat","background-position":"center center","background-size":"auto","background-attachment":"scroll","background-type":"","background-media":"","overlay-type":"","overlay-color":"","overlay-opacity":"","overlay-gradient":""},"tablet":{"background-color":"","background-image":"","background-repeat":"repeat","background-position":"center center","background-size":"auto","background-attachment":"scroll","background-type":"","background-media":"","overlay-type":"","overlay-color":"","overlay-opacity":"","overlay-gradient":""},"mobile":{"background-color":"","background-image":"","background-repeat":"repeat","background-position":"center center","background-size":"auto","background-attachment":"scroll","background-type":"","background-media":"","overlay-type":"","overlay-color":"","overlay-opacity":"","overlay-gradient":""}},"ast-content-background-meta":{"desktop":{"background-color":"var(--ast-global-color-5)","background-image":"","background-repeat":"repeat","background-position":"center center","background-size":"auto","background-attachment":"scroll","background-type":"","background-media":"","overlay-type":"","overlay-color":"","overlay-opacity":"","overlay-gradient":""},"tablet":{"background-color":"var(--ast-global-color-5)","background-image":"","background-repeat":"repeat","background-position":"center center","background-size":"auto","background-attachment":"scroll","background-type":"","background-media":"","overlay-type":"","overlay-color":"","overlay-opacity":"","overlay-gradient":""},"mobile":{"background-color":"var(--ast-global-color-5)","background-image":"","background-repeat":"repeat","background-position":"center center","background-size":"auto","background-attachment":"scroll","background-type":"","background-media":"","overlay-type":"","overlay-color":"","overlay-opacity":"","overlay-gradient":""}},"footnotes":""},"class_list":["post-1598","page","type-page","status-publish","has-post-thumbnail","hentry"],"uagb_featured_image_src":{"full":["https:\/\/wiki.luneale.co\/wp-content\/uploads\/2022\/05\/La-Cup-Luneale-guide-dutilisation-de-la-cup-menstruelle-astuces-nettoyage-min.png",1200,630,false],"thumbnail":["https:\/\/wiki.luneale.co\/wp-content\/uploads\/2022\/05\/La-Cup-Luneale-guide-dutilisation-de-la-cup-menstruelle-astuces-nettoyage-min-150x150.png",150,150,true],"medium":["https:\/\/wiki.luneale.co\/wp-content\/uploads\/2022\/05\/La-Cup-Luneale-guide-dutilisation-de-la-cup-menstruelle-astuces-nettoyage-min-300x158.png",300,158,true],"medium_large":["https:\/\/wiki.luneale.co\/wp-content\/uploads\/2022\/05\/La-Cup-Luneale-guide-dutilisation-de-la-cup-menstruelle-astuces-nettoyage-min-768x403.png",768,403,true],"large":["https:\/\/wiki.luneale.co\/wp-content\/uploads\/2022\/05\/La-Cup-Luneale-guide-dutilisation-de-la-cup-menstruelle-astuces-nettoyage-min-1024x538.png",1024,538,true],"1536x1536":["https:\/\/wiki.luneale.co\/wp-content\/uploads\/2022\/05\/La-Cup-Luneale-guide-dutilisation-de-la-cup-menstruelle-astuces-nettoyage-min.png",1200,630,false],"2048x2048":["https:\/\/wiki.luneale.co\/wp-content\/uploads\/2022\/05\/La-Cup-Luneale-guide-dutilisation-de-la-cup-menstruelle-astuces-nettoyage-min.png",1200,630,false]},"uagb_author_info":{"display_name":"leocadie","author_link":"https:\/\/wiki.luneale.co\/es\/author\/leocadie\/"},"uagb_comment_info":0,"uagb_excerpt":"Destapar los agujeros Si su sangre es espesa, los orificios pueden estar obstruidos. Para destaparlos f\u00e1cilmente, llena La Cup con agua, coloca la mano plana encima y presiona el recipiente: el agua saldr\u00e1 por los agujeros y los destapar\u00e1 (\u00a1cuidado con rociarte!) Si tu copa se ha vuelto turbia o te\u00f1ida Puedes restaurar tu Copa&hellip;","_links":{"self":[{"href":"https:\/\/wiki.luneale.co\/es\/wp-json\/wp\/v2\/pages\/1598","targetHints":{"allow":["GET"]}}],"collection":[{"href":"https:\/\/wiki.luneale.co\/es\/wp-json\/wp\/v2\/pages"}],"about":[{"href":"https:\/\/wiki.luneale.co\/es\/wp-json\/wp\/v2\/types\/page"}],"author":[{"embeddable":true,"href":"https:\/\/wiki.luneale.co\/es\/wp-json\/wp\/v2\/users\/1"}],"replies":[{"embeddable":true,"href":"https:\/\/wiki.luneale.co\/es\/wp-json\/wp\/v2\/comments?post=1598"}],"version-history":[{"count":0,"href":"https:\/\/wiki.luneale.co\/es\/wp-json\/wp\/v2\/pages\/1598\/revisions"}],"wp:featuredmedia":[{"embeddable":true,"href":"https:\/\/wiki.luneale.co\/es\/wp-json\/wp\/v2\/media\/1839"}],"wp:attachment":[{"href":"https:\/\/wiki.luneale.co\/es\/wp-json\/wp\/v2\/media?parent=1598"}],"curies":[{"name":"wp","href":"https:\/\/api.w.org\/{rel}","templated":true}]}}