{"id":1402,"date":"2020-10-22T09:59:17","date_gmt":"2020-10-22T09:59:17","guid":{"rendered":"https:\/\/wiki.luneale.co\/bienvenida\/"},"modified":"2022-05-04T15:02:58","modified_gmt":"2022-05-04T15:02:58","slug":"bienvenida","status":"publish","type":"page","link":"https:\/\/wiki.luneale.co\/es\/","title":{"rendered":"bienvenida"},"content":{"rendered":"\n<div class=\"wp-block-cover alignfull is-light\" style=\"min-height:500px;aspect-ratio:unset;\"><span aria-hidden=\"true\" class=\"has-ast-global-color-1-background-color wp-block-cover__gradient-background has-background-dim\"><\/span><img loading=\"lazy\" decoding=\"async\" width=\"1920\" height=\"600\" class=\"wp-block-cover__image-background wp-image-996\" alt=\"La Cup Luneale cup menstruelle quide d'utilisation notice coup menstruelle\" src=\"https:\/\/wiki.luneale.co\/wp-content\/uploads\/2022\/04\/hero-bubble-cups-min.jpg\" data-object-fit=\"cover\" srcset=\"https:\/\/wiki.luneale.co\/wp-content\/uploads\/2022\/04\/hero-bubble-cups-min.jpg 1920w, https:\/\/wiki.luneale.co\/wp-content\/uploads\/2022\/04\/hero-bubble-cups-min-300x94.jpg 300w, https:\/\/wiki.luneale.co\/wp-content\/uploads\/2022\/04\/hero-bubble-cups-min-1024x320.jpg 1024w, https:\/\/wiki.luneale.co\/wp-content\/uploads\/2022\/04\/hero-bubble-cups-min-768x240.jpg 768w, https:\/\/wiki.luneale.co\/wp-content\/uploads\/2022\/04\/hero-bubble-cups-min-1536x480.jpg 1536w\" sizes=\"auto, (max-width: 1920px) 100vw, 1920px\" \/><div class=\"wp-block-cover__inner-container is-layout-flow wp-block-cover-is-layout-flow\">\n<div class=\"wp-block-columns alignfull are-vertically-aligned-center is-layout-flex wp-container-core-columns-is-layout-28f84493 wp-block-columns-is-layout-flex\">\n<div class=\"wp-block-column is-vertically-aligned-center is-layout-flow wp-block-column-is-layout-flow\" style=\"flex-basis:65%\">\n<h6 class=\"has-ast-global-color-3-color has-text-color wp-block-heading\">GU\u00cdA DIGITAL DEL USUARIO DE LA COPA.<\/h6>\n\n\n\n<h1 class=\"has-ast-global-color-3-color has-text-color wp-block-heading\">Bienvenida.<\/h1>\n\n\n\n<p class=\"has-ast-global-color-3-color has-text-color has-medium-font-size\">Esta gu\u00eda digital reemplaza el aviso en papel de La Cup Luneale y re\u00fane toda la informaci\u00f3n \u00fatil.<\/p>\n\n\n\n<div class=\"wp-block-buttons is-layout-flex wp-block-buttons-is-layout-flex\">\n<div class=\"wp-block-button\"><a class=\"wp-block-button__link has-ast-global-color-3-color has-text-color\" href=\"https:\/\/wiki.luneale.co\/wp-content\/uploads\/2022\/05\/La-Cup-Luneale_notice-imprimable_Francais.pdf\">Descargar versi\u00f3n A4 imprimible<\/a><\/div>\n<\/div>\n<\/div>\n<\/div>\n<\/div><\/div>\n\n<div class=\"inherit-container-width wp-block-group alignfull is-layout-constrained wp-block-group-is-layout-constrained\"><div class=\"wp-block-group__inner-container\">\n<div class=\"wp-block-columns alignwide are-vertically-aligned-center is-layout-flex wp-container-core-columns-is-layout-28f84493 wp-block-columns-is-layout-flex\">\n<div class=\"wp-block-column is-vertically-aligned-center is-layout-flow wp-block-column-is-layout-flow\">\n<h2 class=\"wp-block-heading\">\u00a1Cambia las reglas!<\/h2>\n<\/div>\n\n\n\n<div class=\"wp-block-column is-vertically-aligned-center is-layout-flow wp-block-column-is-layout-flow\">\n<p>En primer lugar, gracias por elegir a Luneale para acompa\u00f1arte en tus pr\u00f3ximos ciclos.<br\/>Luneale es una colecci\u00f3n de copas menstruales francesas fabricadas con silicona m\u00e9dica 100% platino (la m\u00e1s estable y segura), y cuyas innovaciones patentadas garantizan la m\u00e1xima comodidad y facilidad de uso.<br\/>Dise\u00f1amos la Copa Luneale con un dise\u00f1ador, matronas y un ergonomista, para que todas las personas que menstr\u00faan puedan liberarse de las limitaciones asociadas con la menstruaci\u00f3n, respetando su forma de vida, su salud y el medio ambiente.<br\/>La Copa Luneale se inserta en la vagina durante la menstruaci\u00f3n y recoge suavemente el flujo sin absorberlo. <\/p>\n\n\n\n<p>Te protege hasta 8 horas seguidas, sin fugas y sin olores, y es f\u00e1cil de usar, tanto para principiantes como para apasionadas de la copa menstrual.<br\/>Hemos dise\u00f1ado este manual digital para responder a sus preguntas. L\u00e9alo atentamente, t\u00f3mese el tiempo para aprender a manejar su Cup Luneale, para encontrar el m\u00e9todo de plegado que m\u00e1s le convenga, porque el tiempo de manejo var\u00eda de una persona a otra.<br\/>Y despu\u00e9s de este per\u00edodo, \u00a1estamos seguros de que no dejar\u00e1s tu Copa Luneale!<br\/>Gracias de nuevo por su con\ufb01anza.<\/p>\n\n\n\n<p>El equipo de la luna<\/p>\n\n\n\n<p><\/p>\n<\/div>\n<\/div>\n<\/div><\/div>\n\n<div class=\"inherit-container-width wp-block-group alignfull visite guid\u00e9e has-ast-global-color-8-background-color has-background is-layout-constrained wp-block-group-is-layout-constrained\" id=\"visite-guid\u00e9e\"><div class=\"wp-block-group__inner-container\">\n<div class=\"wp-block-columns alignwide are-vertically-aligned-center is-layout-flex wp-container-core-columns-is-layout-28f84493 wp-block-columns-is-layout-flex\">\n<div class=\"wp-block-column is-vertically-aligned-center is-layout-flow wp-block-column-is-layout-flow\" style=\"flex-basis:53.34%\">\n<h6 class=\"has-ast-global-color-2-color has-text-color wp-block-heading\">Como funciona ? <\/h6>\n\n\n\n<h3 class=\"has-ast-global-color-2-color has-text-color has-large-font-size wp-block-heading\">Utiliza la visita guiada<\/h3>\n\n\n\n<p>Siga los bloques de \u00abvisita guiada\u00bb para leer todo el manual y aprender todo sobre el uso y mantenimiento de La Cup Luneale. <\/p>\n\n\n\n<p>Esta es la mejor manera de comprender toda la informaci\u00f3n esencial para un uso sereno. <\/p>\n<\/div>\n\n\n\n<div class=\"wp-block-column is-vertically-aligned-center is-layout-flow wp-block-column-is-layout-flow\" style=\"flex-basis:46.66%\">\n<div class=\"wp-block-buttons is-content-justification-center is-layout-flex wp-container-core-buttons-is-layout-a89b3969 wp-block-buttons-is-layout-flex\">\n<div class=\"wp-block-button has-custom-width wp-block-button__width-75 has-custom-font-size is-style-fill\" style=\"font-size:25px\"><a class=\"wp-block-button__link has-ast-global-color-3-color has-ast-global-color-5-background-color has-text-color has-background\" href=\"https:\/\/wiki.luneale.co\/es\/informacion-importante\/\" style=\"border-radius:0px\">Iniciar la visita guiada &gt; <\/a><\/div>\n<\/div>\n<\/div>\n<\/div>\n<\/div><\/div>\n\n<div class=\"inherit-container-width wp-block-group alignfull is-layout-constrained wp-block-group-is-layout-constrained\" id=\"selftour\"><div class=\"wp-block-group__inner-container\">\n<p class=\"has-text-align-center\">Si quieres navegar por tu cuenta sin pasar por la visita guiada, te aconsejamos que leas esta p\u00e1gina imprescindible. Gracias !<\/p>\n\n\n\n<div class=\"wp-block-buttons is-content-justification-center is-layout-flex wp-container-core-buttons-is-layout-a89b3969 wp-block-buttons-is-layout-flex\">\n<div class=\"wp-block-button has-custom-width wp-block-button__width-75 has-custom-font-size\" style=\"font-size:28px\"><a class=\"wp-block-button__link has-ast-global-color-2-color has-ast-global-color-7-background-color has-text-color has-background\" href=\"https:\/\/wiki.luneale.co\/es\/informacion-importante\/\">Informaci\u00f3n esencial para su salud y seguridad &gt; <\/a><\/div>\n<\/div>\n<\/div><\/div>\n\n<div class=\"inherit-container-width wp-block-group alignfull has-ast-global-color-0-background-color has-background is-layout-constrained wp-block-group-is-layout-constrained\"><div class=\"wp-block-group__inner-container\">\n<h2 class=\"alignwide has-text-align-left wp-block-heading\">El uso de La Cup Luneale<\/h2>\n\n\n\n<div class=\"wp-block-columns alignwide are-vertically-aligned-top is-layout-flex wp-container-core-columns-is-layout-28f84493 wp-block-columns-is-layout-flex\">\n<div class=\"wp-block-column is-vertically-aligned-top is-layout-flow wp-block-column-is-layout-flow\">\n<h6 class=\"has-ast-global-color-8-color has-text-color wp-block-heading\">01.<\/h6>\n\n\n\n<h4 class=\"has-ast-global-color-3-color has-text-color wp-block-heading\">Doblar<\/h4>\n\n\n\n<p class=\"has-ast-global-color-3-color has-text-color\">Hay varias formas de doblar The Cup. Recomendamos 2: el plegado en C y el plegado Punchdown.<\/p>\n\n\n\n<div class=\"wp-block-buttons is-layout-flex wp-block-buttons-is-layout-flex\">\n<div class=\"wp-block-button\"><a class=\"wp-block-button__link has-ast-global-color-3-color has-text-color\" href=\"https:\/\/wiki.luneale.co\/es\/doblar-la-cup\/\">Curvas en detalle &gt;<\/a><\/div>\n<\/div>\n<\/div>\n\n\n\n<div class=\"wp-block-column is-vertically-aligned-top is-layout-flow wp-block-column-is-layout-flow\">\n<h6 class=\"has-ast-global-color-8-color has-text-color wp-block-heading\">02.<\/h6>\n\n\n\n<h4 class=\"has-ast-global-color-3-color has-text-color wp-block-heading\">Insertar<\/h4>\n\n\n\n<p class=\"has-ast-global-color-3-color has-text-color\">Seg\u00fan el pliegue que prefieras, existe un m\u00e9todo de inserci\u00f3n ideal: directo o en 2 tiempos.<\/p>\n\n\n\n<div class=\"wp-block-buttons is-layout-flex wp-block-buttons-is-layout-flex\">\n<div class=\"wp-block-button\"><a class=\"wp-block-button__link has-ast-global-color-3-color has-text-color\" href=\"https:\/\/wiki.luneale.co\/es\/inserte-la-cup\/\">Inserci\u00f3n en detalle &gt;<\/a><\/div>\n<\/div>\n<\/div>\n\n\n\n<div class=\"wp-block-column is-vertically-aligned-top is-layout-flow wp-block-column-is-layout-flow\">\n<h6 class=\"has-ast-global-color-8-color has-text-color wp-block-heading\">03.<\/h6>\n\n\n\n<h4 class=\"has-ast-global-color-3-color has-text-color wp-block-heading\">Remover<\/h4>\n\n\n\n<p class=\"has-ast-global-color-3-color has-text-color\">Gracias al MoonPad, puedes quitar La Cup Luneale de forma f\u00e1cil y segura.<\/p>\n\n\n\n<div class=\"wp-block-buttons is-layout-flex wp-block-buttons-is-layout-flex\">\n<div class=\"wp-block-button\"><a class=\"wp-block-button__link has-ast-global-color-3-color has-text-color\" href=\"https:\/\/wiki.luneale.co\/es\/quitar-la-cup\/\">La retirada en detalle &gt;<\/a><\/div>\n<\/div>\n<\/div>\n\n\n\n<div class=\"wp-block-column is-vertically-aligned-top is-layout-flow wp-block-column-is-layout-flow\">\n<h6 class=\"has-ast-global-color-8-color has-text-color wp-block-heading\">04.<\/h6>\n\n\n\n<h4 class=\"has-ast-global-color-3-color has-text-color wp-block-heading\">Vac\u00edo<\/h4>\n\n\n\n<p class=\"has-ast-global-color-3-color has-text-color\">Puedes vaciar tu Copa en el inodoro, en la ducha, en un lavabo&#8230;<\/p>\n<\/div>\n<\/div>\n<\/div><\/div>\n\n<div class=\"inherit-container-width wp-block-group alignfull is-layout-constrained wp-block-group-is-layout-constrained\"><div class=\"wp-block-group__inner-container\">\n<h2 class=\"alignwide wp-block-heading\">La entrevista de La Cup Luneale<\/h2>\n\n\n\n<div class=\"wp-block-columns alignwide are-vertically-aligned-center is-layout-flex wp-container-core-columns-is-layout-28f84493 wp-block-columns-is-layout-flex\">\n<div class=\"wp-block-column is-vertically-aligned-center is-layout-flow wp-block-column-is-layout-flow\">\n<h6 class=\"has-ast-global-color-3-color has-text-color wp-block-heading\">Antes del primer uso y entre ciclos<\/h6>\n\n\n\n<h3 class=\"wp-block-heading\">Esterilizaci\u00f3n\/desinfecci\u00f3n<\/h3>\n\n\n\n<p>Existen varios m\u00e9todos para desinfectar tu Copa, elige el que m\u00e1s te convenga.<\/p>\n\n\n\n<div class=\"wp-block-buttons is-layout-flex wp-block-buttons-is-layout-flex\">\n<div class=\"wp-block-button\"><a class=\"wp-block-button__link has-ast-global-color-3-color has-text-color\" href=\"https:\/\/wiki.luneale.co\/es\/esterilizacion-la-cup-entre-periodos\/\">La esterilizaci\u00f3n de La Copa &gt;<\/a><\/div>\n<\/div>\n<\/div>\n\n\n\n<div class=\"wp-block-column is-vertically-aligned-center is-layout-flow wp-block-column-is-layout-flow\">\n<h6 class=\"has-ast-global-color-3-color has-text-color wp-block-heading\">Durante tu periodo<\/h6>\n\n\n\n<h3 class=\"wp-block-heading\">limpieza de la copa<\/h3>\n\n\n\n<p>Aqu\u00ed nuevamente, varias soluciones son posibles dependiendo de sus expectativas y del lugar donde se encuentre.<\/p>\n\n\n\n<div class=\"wp-block-buttons is-layout-flex wp-block-buttons-is-layout-flex\">\n<div class=\"wp-block-button\"><a class=\"wp-block-button__link has-ast-global-color-3-color has-text-color\" href=\"https:\/\/wiki.luneale.co\/es\/limpieza-de-la-copa-durante-la-menstruacion\/\">La limpieza de La Copa &gt;<\/a><\/div>\n<\/div>\n<\/div>\n<\/div>\n<\/div><\/div>\n\n<p><\/p>\n","protected":false},"excerpt":{"rendered":"<p>\u00a1Cambia las reglas! En primer lugar, gracias por elegir a Luneale para acompa\u00f1arte en tus pr\u00f3ximos ciclos.Luneale es una colecci\u00f3n de copas menstruales francesas fabricadas con silicona m\u00e9dica 100% platino (la m\u00e1s estable y segura), y cuyas innovaciones patentadas garantizan la m\u00e1xima comodidad y facilidad de uso.Dise\u00f1amos la Copa Luneale con un dise\u00f1ador, matronas y [&hellip;]<\/p>\n","protected":false},"author":1,"featured_media":1818,"parent":0,"menu_order":0,"comment_status":"closed","ping_status":"closed","template":"","meta":{"_uag_custom_page_level_css":"","site-sidebar-layout":"no-sidebar","site-content-layout":"plain-container","ast-site-content-layout":"normal-width-container","site-content-style":"unboxed","site-sidebar-style":"unboxed","ast-global-header-display":"","ast-banner-title-visibility":"","ast-main-header-display":"","ast-hfb-above-header-display":"","ast-hfb-below-header-display":"","ast-hfb-mobile-header-display":"","site-post-title":"disabled","ast-breadcrumbs-content":"","ast-featured-img":"disabled","footer-sml-layout":"","theme-transparent-header-meta":"enabled","adv-header-id-meta":"","stick-header-meta":"","header-above-stick-meta":"","header-main-stick-meta":"","header-below-stick-meta":"","astra-migrate-meta-layouts":"default","ast-page-background-enabled":"default","ast-page-background-meta":{"desktop":{"background-color":"var(--ast-global-color-4)","background-image":"","background-repeat":"repeat","background-position":"center center","background-size":"auto","background-attachment":"scroll","background-type":"","background-media":"","overlay-type":"","overlay-color":"","overlay-opacity":"","overlay-gradient":""},"tablet":{"background-color":"","background-image":"","background-repeat":"repeat","background-position":"center center","background-size":"auto","background-attachment":"scroll","background-type":"","background-media":"","overlay-type":"","overlay-color":"","overlay-opacity":"","overlay-gradient":""},"mobile":{"background-color":"","background-image":"","background-repeat":"repeat","background-position":"center center","background-size":"auto","background-attachment":"scroll","background-type":"","background-media":"","overlay-type":"","overlay-color":"","overlay-opacity":"","overlay-gradient":""}},"ast-content-background-meta":{"desktop":{"background-color":"var(--ast-global-color-5)","background-image":"","background-repeat":"repeat","background-position":"center center","background-size":"auto","background-attachment":"scroll","background-type":"","background-media":"","overlay-type":"","overlay-color":"","overlay-opacity":"","overlay-gradient":""},"tablet":{"background-color":"var(--ast-global-color-5)","background-image":"","background-repeat":"repeat","background-position":"center center","background-size":"auto","background-attachment":"scroll","background-type":"","background-media":"","overlay-type":"","overlay-color":"","overlay-opacity":"","overlay-gradient":""},"mobile":{"background-color":"var(--ast-global-color-5)","background-image":"","background-repeat":"repeat","background-position":"center center","background-size":"auto","background-attachment":"scroll","background-type":"","background-media":"","overlay-type":"","overlay-color":"","overlay-opacity":"","overlay-gradient":""}},"footnotes":""},"class_list":["post-1402","page","type-page","status-publish","has-post-thumbnail","hentry"],"uagb_featured_image_src":{"full":["https:\/\/wiki.luneale.co\/wp-content\/uploads\/2022\/05\/Luneale-guide-utilisation-partageFB-min.png",1200,630,false],"thumbnail":["https:\/\/wiki.luneale.co\/wp-content\/uploads\/2022\/05\/Luneale-guide-utilisation-partageFB-min-150x150.png",150,150,true],"medium":["https:\/\/wiki.luneale.co\/wp-content\/uploads\/2022\/05\/Luneale-guide-utilisation-partageFB-min-300x158.png",300,158,true],"medium_large":["https:\/\/wiki.luneale.co\/wp-content\/uploads\/2022\/05\/Luneale-guide-utilisation-partageFB-min-768x403.png",768,403,true],"large":["https:\/\/wiki.luneale.co\/wp-content\/uploads\/2022\/05\/Luneale-guide-utilisation-partageFB-min-1024x538.png",1024,538,true],"1536x1536":["https:\/\/wiki.luneale.co\/wp-content\/uploads\/2022\/05\/Luneale-guide-utilisation-partageFB-min.png",1200,630,false],"2048x2048":["https:\/\/wiki.luneale.co\/wp-content\/uploads\/2022\/05\/Luneale-guide-utilisation-partageFB-min.png",1200,630,false]},"uagb_author_info":{"display_name":"leocadie","author_link":"https:\/\/wiki.luneale.co\/es\/author\/leocadie\/"},"uagb_comment_info":0,"uagb_excerpt":"\u00a1Cambia las reglas! En primer lugar, gracias por elegir a Luneale para acompa\u00f1arte en tus pr\u00f3ximos ciclos.Luneale es una colecci\u00f3n de copas menstruales francesas fabricadas con silicona m\u00e9dica 100% platino (la m\u00e1s estable y segura), y cuyas innovaciones patentadas garantizan la m\u00e1xima comodidad y facilidad de uso.Dise\u00f1amos la Copa Luneale con un dise\u00f1ador, matronas y&hellip;","_links":{"self":[{"href":"https:\/\/wiki.luneale.co\/es\/wp-json\/wp\/v2\/pages\/1402","targetHints":{"allow":["GET"]}}],"collection":[{"href":"https:\/\/wiki.luneale.co\/es\/wp-json\/wp\/v2\/pages"}],"about":[{"href":"https:\/\/wiki.luneale.co\/es\/wp-json\/wp\/v2\/types\/page"}],"author":[{"embeddable":true,"href":"https:\/\/wiki.luneale.co\/es\/wp-json\/wp\/v2\/users\/1"}],"replies":[{"embeddable":true,"href":"https:\/\/wiki.luneale.co\/es\/wp-json\/wp\/v2\/comments?post=1402"}],"version-history":[{"count":0,"href":"https:\/\/wiki.luneale.co\/es\/wp-json\/wp\/v2\/pages\/1402\/revisions"}],"wp:featuredmedia":[{"embeddable":true,"href":"https:\/\/wiki.luneale.co\/es\/wp-json\/wp\/v2\/media\/1818"}],"wp:attachment":[{"href":"https:\/\/wiki.luneale.co\/es\/wp-json\/wp\/v2\/media?parent=1402"}],"curies":[{"name":"wp","href":"https:\/\/api.w.org\/{rel}","templated":true}]}}