{"id":1586,"date":"2022-05-03T09:56:28","date_gmt":"2022-05-03T09:56:28","guid":{"rendered":"https:\/\/wiki.luneale.co\/reinigungstipps\/"},"modified":"2022-05-04T15:05:26","modified_gmt":"2022-05-04T15:05:26","slug":"reinigungstipps","status":"publish","type":"page","link":"https:\/\/wiki.luneale.co\/de\/reinigungstipps\/","title":{"rendered":"Reinigungstipps"},"content":{"rendered":"\n<div class=\"wp-block-cover alignfull is-light\" style=\"min-height:300px;aspect-ratio:unset;\"><span aria-hidden=\"true\" class=\"has-ast-global-color-5-background-color has-background-dim-40 wp-block-cover__gradient-background has-background-dim\"><\/span><img loading=\"lazy\" decoding=\"async\" width=\"1920\" height=\"600\" class=\"wp-block-cover__image-background wp-image-1137\" alt=\"\" src=\"https:\/\/wiki.luneale.co\/wp-content\/uploads\/2022\/05\/hero-steriliser-cup-menstruelle-min.jpg\" style=\"object-position:48% 85%\" data-object-fit=\"cover\" data-object-position=\"48% 85%\" srcset=\"https:\/\/wiki.luneale.co\/wp-content\/uploads\/2022\/05\/hero-steriliser-cup-menstruelle-min.jpg 1920w, https:\/\/wiki.luneale.co\/wp-content\/uploads\/2022\/05\/hero-steriliser-cup-menstruelle-min-300x94.jpg 300w, https:\/\/wiki.luneale.co\/wp-content\/uploads\/2022\/05\/hero-steriliser-cup-menstruelle-min-1024x320.jpg 1024w, https:\/\/wiki.luneale.co\/wp-content\/uploads\/2022\/05\/hero-steriliser-cup-menstruelle-min-768x240.jpg 768w, https:\/\/wiki.luneale.co\/wp-content\/uploads\/2022\/05\/hero-steriliser-cup-menstruelle-min-1536x480.jpg 1536w\" sizes=\"auto, (max-width: 1920px) 100vw, 1920px\" \/><div class=\"wp-block-cover__inner-container is-layout-flow wp-block-cover-is-layout-flow\">\n<h1 class=\"has-white-color has-text-color wp-block-heading\">Unsere Reinigungstipps<\/h1>\n<\/div><\/div>\n\n<div class=\"inherit-container-width wp-block-group alignwide is-layout-constrained wp-block-group-is-layout-constrained\"><div class=\"wp-block-group__inner-container\">\n<h2 class=\"alignwide wp-block-heading\">Verstopfen Sie die L\u00f6cher<\/h2>\n\n\n\n<p>Wenn Ihr Blut dick ist, k\u00f6nnen die L\u00f6cher verstopft sein.<\/p>\n\n\n\n<p>Um sie leicht zu entfernen, f\u00fcllen Sie La Cup mit Wasser, legen Sie Ihre Hand flach darauf und dr\u00fccken Sie auf den Beh\u00e4lter: Das Wasser tritt durch die L\u00f6cher aus und befreit sie (Achten Sie darauf, sich nicht selbst zu bespritzen!)<\/p>\n\n\n\n<h2 class=\"alignwide wp-block-heading\">Wenn Ihre Tasse tr\u00fcbe oder get\u00f6nt ist<\/h2>\n\n\n\n<p>Sie k\u00f6nnen Ihrer Tasse ihr urspr\u00fcngliches Aussehen zur\u00fcckgeben, indem Sie sie \u00fcber Nacht in kochendes Wasser mit dem Saft einer halben Zitrone oder etwas Branntweinessig (Wei\u00dfweinessig) eintauchen. Denken Sie daran, es danach gut auszusp\u00fclen.<\/p>\n\n\n\n<p><a href=\"https:\/\/luneale.co\/blogs\/cuplife\/cup-blanchie-que-faire\" target=\"_blank\" rel=\"noreferrer noopener\">Erl\u00e4uterungen finden Sie in unserem vollst\u00e4ndigen Artikel<\/a>&gt; (\u00f6ffnet in einem neuen Tab)<\/p>\n\n\n\n<h2 class=\"alignwide has-text-align-center has-ast-global-color-1-background-color has-background wp-block-heading\">Beenden<\/h2>\n<\/div><\/div>\n\n<div class=\"wp-block-columns is-layout-flex wp-container-core-columns-is-layout-28f84493 wp-block-columns-is-layout-flex\">\n<div class=\"wp-block-column is-layout-flow wp-block-column-is-layout-flow\" style=\"flex-basis:50%\">\n<h3 class=\"wp-block-heading\">Sie haben weitere Fragen?<\/h3>\n\n\n\n<p>Konsultieren Sie die h\u00e4ufig gestellten Fragen auf unserer Website: Es ist sehr wahrscheinlich, dass wir das Thema behandelt haben, das Sie betrifft (und wenn dies nicht der Fall ist, z\u00f6gern Sie nicht, uns dies mitzuteilen, damit wir es hinzuf\u00fcgen k\u00f6nnen).<\/p>\n<\/div>\n\n\n\n<div class=\"wp-block-column is-vertically-aligned-center is-layout-flow wp-block-column-is-layout-flow\" style=\"flex-basis:50%\">\n<div class=\"wp-block-buttons is-content-justification-center is-layout-flex wp-container-core-buttons-is-layout-a89b3969 wp-block-buttons-is-layout-flex\">\n<div class=\"wp-block-button has-custom-width wp-block-button__width-100\"><a class=\"wp-block-button__link has-ast-global-color-3-color has-text-color\" href=\"https:\/\/luneale.co\/pages\/faq\">Konsultieren Sie die FAQ &gt;<\/a><\/div>\n<\/div>\n<\/div>\n<\/div>\n\n<div class=\"wp-block-columns is-layout-flex wp-container-core-columns-is-layout-28f84493 wp-block-columns-is-layout-flex\">\n<div class=\"wp-block-column is-layout-flow wp-block-column-is-layout-flow\" style=\"flex-basis:50%\">\n<h3 class=\"wp-block-heading\">M\u00f6chten Sie sich in bestimmte Themen vertiefen?<\/h3>\n\n\n\n<p>Wir ver\u00f6ffentlichen viele Artikel auf Cuplife, dem Luneale-Blog! Z\u00f6gern Sie nicht, es zu konsultieren.<\/p>\n<\/div>\n\n\n\n<div class=\"wp-block-column is-vertically-aligned-center is-layout-flow wp-block-column-is-layout-flow\" style=\"flex-basis:50%\">\n<div class=\"wp-block-buttons is-content-justification-center is-layout-flex wp-container-core-buttons-is-layout-a89b3969 wp-block-buttons-is-layout-flex\">\n<div class=\"wp-block-button has-custom-width wp-block-button__width-100\"><a class=\"wp-block-button__link has-ast-global-color-3-color has-text-color\" href=\"https:\/\/luneale.co\/blogs\/cuplife\">Lesen Sie unsere Artikel zu Cuplife &gt;<\/a><\/div>\n<\/div>\n<\/div>\n<\/div>\n\n<div class=\"inherit-container-width wp-block-group alignfull has-ast-global-color-8-background-color has-background is-layout-constrained wp-block-group-is-layout-constrained\" id=\"visite\"><div class=\"wp-block-group__inner-container\">\n<div class=\"wp-block-columns is-layout-flex wp-container-core-columns-is-layout-28f84493 wp-block-columns-is-layout-flex\">\n<div class=\"wp-block-column is-layout-flow wp-block-column-is-layout-flow\">\n<h2 class=\"has-ast-global-color-2-color has-text-color has-large-font-size wp-block-heading\">F\u00fchrung<\/h2>\n\n\n\n<p>Der Besuch ist vorbei! Wenn Sie noch Fragen haben, k\u00f6nnen Sie uns kontaktieren.<\/p>\n<\/div>\n\n\n\n<div class=\"wp-block-column is-layout-flow wp-block-column-is-layout-flow\">\n<div class=\"wp-block-buttons is-content-justification-center is-layout-flex wp-container-core-buttons-is-layout-a89b3969 wp-block-buttons-is-layout-flex\">\n<div class=\"wp-block-button has-custom-width wp-block-button__width-75\"><a class=\"wp-block-button__link has-ast-global-color-3-color has-text-color has-background\" href=\"https:\/\/wiki.luneale.co\/de\/la-cup-tasse-zwischen-den-perioden-sterilisieren\/\" style=\"background-color:#fde6b2\">&lt; Sterilisation zwischen den Perioden<\/a><\/div>\n<\/div>\n<\/div>\n\n\n\n<div class=\"wp-block-column is-layout-flow wp-block-column-is-layout-flow\">\n<div class=\"wp-block-buttons is-content-justification-center is-layout-flex wp-container-core-buttons-is-layout-a89b3969 wp-block-buttons-is-layout-flex\">\n<div class=\"wp-block-button has-custom-width wp-block-button__width-75\"><a class=\"wp-block-button__link has-ast-global-color-3-color has-ast-global-color-5-background-color has-text-color has-background\" href=\"https:\/\/luneale.co\/pages\/contact\">Wenn Sie uns kontaktieren m\u00f6chten &gt;<\/a><\/div>\n<\/div>\n<\/div>\n<\/div>\n<\/div><\/div>\n","protected":false},"excerpt":{"rendered":"<p>Verstopfen Sie die L\u00f6cher Wenn Ihr Blut dick ist, k\u00f6nnen die L\u00f6cher verstopft sein. Um sie leicht zu entfernen, f\u00fcllen Sie La Cup mit Wasser, legen Sie Ihre Hand flach darauf und dr\u00fccken Sie auf den Beh\u00e4lter: Das Wasser tritt durch die L\u00f6cher aus und befreit sie (Achten Sie darauf, sich nicht selbst zu bespritzen!) [&hellip;]<\/p>\n","protected":false},"author":1,"featured_media":1836,"parent":0,"menu_order":0,"comment_status":"closed","ping_status":"closed","template":"","meta":{"_uag_custom_page_level_css":"","site-sidebar-layout":"no-sidebar","site-content-layout":"plain-container","ast-site-content-layout":"normal-width-container","site-content-style":"unboxed","site-sidebar-style":"unboxed","ast-global-header-display":"","ast-banner-title-visibility":"","ast-main-header-display":"","ast-hfb-above-header-display":"","ast-hfb-below-header-display":"","ast-hfb-mobile-header-display":"","site-post-title":"disabled","ast-breadcrumbs-content":"disabled","ast-featured-img":"disabled","footer-sml-layout":"","theme-transparent-header-meta":"enabled","adv-header-id-meta":"","stick-header-meta":"","header-above-stick-meta":"","header-main-stick-meta":"","header-below-stick-meta":"","astra-migrate-meta-layouts":"default","ast-page-background-enabled":"default","ast-page-background-meta":{"desktop":{"background-color":"var(--ast-global-color-4)","background-image":"","background-repeat":"repeat","background-position":"center center","background-size":"auto","background-attachment":"scroll","background-type":"","background-media":"","overlay-type":"","overlay-color":"","overlay-opacity":"","overlay-gradient":""},"tablet":{"background-color":"","background-image":"","background-repeat":"repeat","background-position":"center center","background-size":"auto","background-attachment":"scroll","background-type":"","background-media":"","overlay-type":"","overlay-color":"","overlay-opacity":"","overlay-gradient":""},"mobile":{"background-color":"","background-image":"","background-repeat":"repeat","background-position":"center center","background-size":"auto","background-attachment":"scroll","background-type":"","background-media":"","overlay-type":"","overlay-color":"","overlay-opacity":"","overlay-gradient":""}},"ast-content-background-meta":{"desktop":{"background-color":"var(--ast-global-color-5)","background-image":"","background-repeat":"repeat","background-position":"center center","background-size":"auto","background-attachment":"scroll","background-type":"","background-media":"","overlay-type":"","overlay-color":"","overlay-opacity":"","overlay-gradient":""},"tablet":{"background-color":"var(--ast-global-color-5)","background-image":"","background-repeat":"repeat","background-position":"center center","background-size":"auto","background-attachment":"scroll","background-type":"","background-media":"","overlay-type":"","overlay-color":"","overlay-opacity":"","overlay-gradient":""},"mobile":{"background-color":"var(--ast-global-color-5)","background-image":"","background-repeat":"repeat","background-position":"center center","background-size":"auto","background-attachment":"scroll","background-type":"","background-media":"","overlay-type":"","overlay-color":"","overlay-opacity":"","overlay-gradient":""}},"footnotes":""},"class_list":["post-1586","page","type-page","status-publish","has-post-thumbnail","hentry"],"uagb_featured_image_src":{"full":["https:\/\/wiki.luneale.co\/wp-content\/uploads\/2022\/05\/La-Cup-Luneale-guide-dutilisation-de-la-cup-menstruelle-astuces-nettoyage-min.png",1200,630,false],"thumbnail":["https:\/\/wiki.luneale.co\/wp-content\/uploads\/2022\/05\/La-Cup-Luneale-guide-dutilisation-de-la-cup-menstruelle-astuces-nettoyage-min-150x150.png",150,150,true],"medium":["https:\/\/wiki.luneale.co\/wp-content\/uploads\/2022\/05\/La-Cup-Luneale-guide-dutilisation-de-la-cup-menstruelle-astuces-nettoyage-min-300x158.png",300,158,true],"medium_large":["https:\/\/wiki.luneale.co\/wp-content\/uploads\/2022\/05\/La-Cup-Luneale-guide-dutilisation-de-la-cup-menstruelle-astuces-nettoyage-min-768x403.png",768,403,true],"large":["https:\/\/wiki.luneale.co\/wp-content\/uploads\/2022\/05\/La-Cup-Luneale-guide-dutilisation-de-la-cup-menstruelle-astuces-nettoyage-min-1024x538.png",1024,538,true],"1536x1536":["https:\/\/wiki.luneale.co\/wp-content\/uploads\/2022\/05\/La-Cup-Luneale-guide-dutilisation-de-la-cup-menstruelle-astuces-nettoyage-min.png",1200,630,false],"2048x2048":["https:\/\/wiki.luneale.co\/wp-content\/uploads\/2022\/05\/La-Cup-Luneale-guide-dutilisation-de-la-cup-menstruelle-astuces-nettoyage-min.png",1200,630,false]},"uagb_author_info":{"display_name":"leocadie","author_link":"https:\/\/wiki.luneale.co\/de\/author\/leocadie\/"},"uagb_comment_info":0,"uagb_excerpt":"Verstopfen Sie die L\u00f6cher Wenn Ihr Blut dick ist, k\u00f6nnen die L\u00f6cher verstopft sein. Um sie leicht zu entfernen, f\u00fcllen Sie La Cup mit Wasser, legen Sie Ihre Hand flach darauf und dr\u00fccken Sie auf den Beh\u00e4lter: Das Wasser tritt durch die L\u00f6cher aus und befreit sie (Achten Sie darauf, sich nicht selbst zu bespritzen!)&hellip;","_links":{"self":[{"href":"https:\/\/wiki.luneale.co\/de\/wp-json\/wp\/v2\/pages\/1586","targetHints":{"allow":["GET"]}}],"collection":[{"href":"https:\/\/wiki.luneale.co\/de\/wp-json\/wp\/v2\/pages"}],"about":[{"href":"https:\/\/wiki.luneale.co\/de\/wp-json\/wp\/v2\/types\/page"}],"author":[{"embeddable":true,"href":"https:\/\/wiki.luneale.co\/de\/wp-json\/wp\/v2\/users\/1"}],"replies":[{"embeddable":true,"href":"https:\/\/wiki.luneale.co\/de\/wp-json\/wp\/v2\/comments?post=1586"}],"version-history":[{"count":0,"href":"https:\/\/wiki.luneale.co\/de\/wp-json\/wp\/v2\/pages\/1586\/revisions"}],"wp:featuredmedia":[{"embeddable":true,"href":"https:\/\/wiki.luneale.co\/de\/wp-json\/wp\/v2\/media\/1836"}],"wp:attachment":[{"href":"https:\/\/wiki.luneale.co\/de\/wp-json\/wp\/v2\/media?parent=1586"}],"curies":[{"name":"wp","href":"https:\/\/api.w.org\/{rel}","templated":true}]}}