{"id":1444,"date":"2022-04-29T17:59:40","date_gmt":"2022-04-29T17:59:40","guid":{"rendered":"https:\/\/wiki.luneale.co\/die-anatomie-von-la-cup\/"},"modified":"2022-05-04T15:02:56","modified_gmt":"2022-05-04T15:02:56","slug":"die-anatomie-von-la-cup","status":"publish","type":"page","link":"https:\/\/wiki.luneale.co\/de\/die-anatomie-von-la-cup\/","title":{"rendered":"Die Anatomie von La Cup"},"content":{"rendered":"\n<div class=\"wp-block-cover alignfull is-light\" style=\"min-height:400px;aspect-ratio:unset;\"><span aria-hidden=\"true\" class=\"has-ast-global-color-6-background-color has-background-dim-10 wp-block-cover__gradient-background has-background-dim\"><\/span><img loading=\"lazy\" decoding=\"async\" width=\"1920\" height=\"600\" class=\"wp-block-cover__image-background wp-image-1085\" alt=\"\" src=\"https:\/\/wiki.luneale.co\/wp-content\/uploads\/2022\/04\/hero-anatomie-cup-menstruelle-glossaire-min.jpg\" style=\"object-position:51% 2%\" data-object-fit=\"cover\" data-object-position=\"51% 2%\" srcset=\"https:\/\/wiki.luneale.co\/wp-content\/uploads\/2022\/04\/hero-anatomie-cup-menstruelle-glossaire-min.jpg 1920w, https:\/\/wiki.luneale.co\/wp-content\/uploads\/2022\/04\/hero-anatomie-cup-menstruelle-glossaire-min-300x94.jpg 300w, https:\/\/wiki.luneale.co\/wp-content\/uploads\/2022\/04\/hero-anatomie-cup-menstruelle-glossaire-min-1024x320.jpg 1024w, https:\/\/wiki.luneale.co\/wp-content\/uploads\/2022\/04\/hero-anatomie-cup-menstruelle-glossaire-min-768x240.jpg 768w, https:\/\/wiki.luneale.co\/wp-content\/uploads\/2022\/04\/hero-anatomie-cup-menstruelle-glossaire-min-1536x480.jpg 1536w\" sizes=\"auto, (max-width: 1920px) 100vw, 1920px\" \/><div class=\"wp-block-cover__inner-container is-layout-flow wp-block-cover-is-layout-flow\">\n<h5 class=\"has-ast-global-color-3-color has-text-color wp-block-heading\">Glossar<\/h5>\n\n\n\n<h1 class=\"has-ast-global-color-3-color has-text-color wp-block-heading\">Die Anatomie von La Cup Luneale<\/h1>\n<\/div><\/div>\n\n<div class=\"inherit-container-width wp-block-group alignfull is-layout-constrained wp-block-group-is-layout-constrained\"><div class=\"wp-block-group__inner-container\">\n<div class=\"wp-block-columns alignfull is-layout-flex wp-container-core-columns-is-layout-28f84493 wp-block-columns-is-layout-flex\">\n<div class=\"wp-block-column is-layout-flow wp-block-column-is-layout-flow\">\n<figure class=\"wp-block-image size-full\"><img loading=\"lazy\" decoding=\"async\" width=\"600\" height=\"642\" src=\"https:\/\/wiki.luneale.co\/wp-content\/uploads\/2022\/05\/cup-luneale-anatomie-min.jpg\" alt=\"\" class=\"wp-image-1090\" srcset=\"https:\/\/wiki.luneale.co\/wp-content\/uploads\/2022\/05\/cup-luneale-anatomie-min.jpg 600w, https:\/\/wiki.luneale.co\/wp-content\/uploads\/2022\/05\/cup-luneale-anatomie-min-280x300.jpg 280w\" sizes=\"auto, (max-width: 600px) 100vw, 600px\" \/><\/figure>\n<\/div>\n\n\n\n<div class=\"wp-block-column is-layout-flow wp-block-column-is-layout-flow\">\n<h4 class=\"wp-block-heading\">1 &#8211; Oberer Ring<\/h4>\n\n\n\n<p>Sein tropfenf\u00f6rmiges Profil sorgt f\u00fcr die Abdichtung und guten Halt von La Cup. Die flache Au\u00dfenseite erm\u00f6glicht einen erweiterten Kontaktbereich mit Ihrem K\u00f6rper f\u00fcr maximale Sicherheit, w\u00e4hrend die abgewinkelte Innenseite den Fluss auf nat\u00fcrliche Weise zum Beh\u00e4lter leitet.<\/p>\n\n\n\n<h4 class=\"wp-block-heading\">2 &#8211; L\u00f6cher<\/h4>\n\n\n\n<p>Sie lassen w\u00e4hrend des Entfernens Luft eindringen, um den Saugnapfeffekt aufzuheben.<\/p>\n\n\n\n<h4 class=\"wp-block-heading\">3 &#8211; Beh\u00e4lter<\/h4>\n\n\n\n<p>Wo der Strom gesammelt wird. Er enth\u00e4lt je nach Modell 20ml (S), 25ml (M) oder 30ml (L), passend zu Ihrem Flow<\/p>\n\n\n\n<h4 class=\"wp-block-heading\">4 &#8211; MoonPad\u00ae<\/h4>\n\n\n\n<p>Unsere exklusive patentierte Innovation wird verwendet, um die Basis von La Cup leicht zu lokalisieren, sie beim Einsetzen zu drehen und beim Entfernen zu kneifen.<\/p>\n<\/div>\n<\/div>\n<\/div><\/div>\n\n<div class=\"inherit-container-width wp-block-group alignfull has-ast-global-color-8-background-color has-background is-layout-constrained wp-block-group-is-layout-constrained\"><div class=\"wp-block-group__inner-container\">\n<div class=\"wp-block-columns is-layout-flex wp-container-core-columns-is-layout-28f84493 wp-block-columns-is-layout-flex\">\n<div class=\"wp-block-column is-layout-flow wp-block-column-is-layout-flow\">\n<h3 class=\"has-ast-global-color-2-color has-text-color has-large-font-size wp-block-heading\">F\u00fchrung<\/h3>\n<\/div>\n\n\n\n<div class=\"wp-block-column is-layout-flow wp-block-column-is-layout-flow\">\n<div class=\"wp-block-buttons is-content-justification-center is-layout-flex wp-container-core-buttons-is-layout-a89b3969 wp-block-buttons-is-layout-flex\">\n<div class=\"wp-block-button\"><a class=\"wp-block-button__link has-ast-global-color-3-color has-text-color has-background\" href=\"https:\/\/wiki.luneale.co\/de\/wichtige-informationen\/\" style=\"background-color:#fde9ba\">&lt; Wichtige Informationen<\/a><\/div>\n<\/div>\n<\/div>\n\n\n\n<div class=\"wp-block-column is-layout-flow wp-block-column-is-layout-flow\">\n<div class=\"wp-block-buttons is-content-justification-center is-layout-flex wp-container-core-buttons-is-layout-a89b3969 wp-block-buttons-is-layout-flex\">\n<div class=\"wp-block-button\"><a class=\"wp-block-button__link has-ast-global-color-3-color has-ast-global-color-5-background-color has-text-color has-background\" href=\"https:\/\/wiki.luneale.co\/de\/falten-sie-la-cup\/\">Falten von La Cup &gt;<\/a><\/div>\n<\/div>\n<\/div>\n<\/div>\n<\/div><\/div>\n","protected":false},"excerpt":{"rendered":"<p>1 &#8211; Oberer Ring Sein tropfenf\u00f6rmiges Profil sorgt f\u00fcr die Abdichtung und guten Halt von La Cup. Die flache Au\u00dfenseite erm\u00f6glicht einen erweiterten Kontaktbereich mit Ihrem K\u00f6rper f\u00fcr maximale Sicherheit, w\u00e4hrend die abgewinkelte Innenseite den Fluss auf nat\u00fcrliche Weise zum Beh\u00e4lter leitet. 2 &#8211; L\u00f6cher Sie lassen w\u00e4hrend des Entfernens Luft eindringen, um den Saugnapfeffekt [&hellip;]<\/p>\n","protected":false},"author":1,"featured_media":1826,"parent":0,"menu_order":0,"comment_status":"closed","ping_status":"closed","template":"","meta":{"_uag_custom_page_level_css":"","site-sidebar-layout":"no-sidebar","site-content-layout":"plain-container","ast-site-content-layout":"normal-width-container","site-content-style":"unboxed","site-sidebar-style":"unboxed","ast-global-header-display":"","ast-banner-title-visibility":"","ast-main-header-display":"","ast-hfb-above-header-display":"","ast-hfb-below-header-display":"","ast-hfb-mobile-header-display":"","site-post-title":"disabled","ast-breadcrumbs-content":"disabled","ast-featured-img":"disabled","footer-sml-layout":"","theme-transparent-header-meta":"enabled","adv-header-id-meta":"","stick-header-meta":"","header-above-stick-meta":"","header-main-stick-meta":"","header-below-stick-meta":"","astra-migrate-meta-layouts":"default","ast-page-background-enabled":"default","ast-page-background-meta":{"desktop":{"background-color":"var(--ast-global-color-4)","background-image":"","background-repeat":"repeat","background-position":"center center","background-size":"auto","background-attachment":"scroll","background-type":"","background-media":"","overlay-type":"","overlay-color":"","overlay-opacity":"","overlay-gradient":""},"tablet":{"background-color":"","background-image":"","background-repeat":"repeat","background-position":"center center","background-size":"auto","background-attachment":"scroll","background-type":"","background-media":"","overlay-type":"","overlay-color":"","overlay-opacity":"","overlay-gradient":""},"mobile":{"background-color":"","background-image":"","background-repeat":"repeat","background-position":"center center","background-size":"auto","background-attachment":"scroll","background-type":"","background-media":"","overlay-type":"","overlay-color":"","overlay-opacity":"","overlay-gradient":""}},"ast-content-background-meta":{"desktop":{"background-color":"var(--ast-global-color-5)","background-image":"","background-repeat":"repeat","background-position":"center center","background-size":"auto","background-attachment":"scroll","background-type":"","background-media":"","overlay-type":"","overlay-color":"","overlay-opacity":"","overlay-gradient":""},"tablet":{"background-color":"var(--ast-global-color-5)","background-image":"","background-repeat":"repeat","background-position":"center center","background-size":"auto","background-attachment":"scroll","background-type":"","background-media":"","overlay-type":"","overlay-color":"","overlay-opacity":"","overlay-gradient":""},"mobile":{"background-color":"var(--ast-global-color-5)","background-image":"","background-repeat":"repeat","background-position":"center center","background-size":"auto","background-attachment":"scroll","background-type":"","background-media":"","overlay-type":"","overlay-color":"","overlay-opacity":"","overlay-gradient":""}},"footnotes":""},"class_list":["post-1444","page","type-page","status-publish","has-post-thumbnail","hentry"],"uagb_featured_image_src":{"full":["https:\/\/wiki.luneale.co\/wp-content\/uploads\/2022\/05\/La-Cup-Luneale-guide-dutilisation-de-la-cup-menstruelle-anatomie-min.png",1200,630,false],"thumbnail":["https:\/\/wiki.luneale.co\/wp-content\/uploads\/2022\/05\/La-Cup-Luneale-guide-dutilisation-de-la-cup-menstruelle-anatomie-min-150x150.png",150,150,true],"medium":["https:\/\/wiki.luneale.co\/wp-content\/uploads\/2022\/05\/La-Cup-Luneale-guide-dutilisation-de-la-cup-menstruelle-anatomie-min-300x158.png",300,158,true],"medium_large":["https:\/\/wiki.luneale.co\/wp-content\/uploads\/2022\/05\/La-Cup-Luneale-guide-dutilisation-de-la-cup-menstruelle-anatomie-min-768x403.png",768,403,true],"large":["https:\/\/wiki.luneale.co\/wp-content\/uploads\/2022\/05\/La-Cup-Luneale-guide-dutilisation-de-la-cup-menstruelle-anatomie-min-1024x538.png",1024,538,true],"1536x1536":["https:\/\/wiki.luneale.co\/wp-content\/uploads\/2022\/05\/La-Cup-Luneale-guide-dutilisation-de-la-cup-menstruelle-anatomie-min.png",1200,630,false],"2048x2048":["https:\/\/wiki.luneale.co\/wp-content\/uploads\/2022\/05\/La-Cup-Luneale-guide-dutilisation-de-la-cup-menstruelle-anatomie-min.png",1200,630,false]},"uagb_author_info":{"display_name":"leocadie","author_link":"https:\/\/wiki.luneale.co\/de\/author\/leocadie\/"},"uagb_comment_info":0,"uagb_excerpt":"1 &#8211; Oberer Ring Sein tropfenf\u00f6rmiges Profil sorgt f\u00fcr die Abdichtung und guten Halt von La Cup. Die flache Au\u00dfenseite erm\u00f6glicht einen erweiterten Kontaktbereich mit Ihrem K\u00f6rper f\u00fcr maximale Sicherheit, w\u00e4hrend die abgewinkelte Innenseite den Fluss auf nat\u00fcrliche Weise zum Beh\u00e4lter leitet. 2 &#8211; L\u00f6cher Sie lassen w\u00e4hrend des Entfernens Luft eindringen, um den Saugnapfeffekt&hellip;","_links":{"self":[{"href":"https:\/\/wiki.luneale.co\/de\/wp-json\/wp\/v2\/pages\/1444","targetHints":{"allow":["GET"]}}],"collection":[{"href":"https:\/\/wiki.luneale.co\/de\/wp-json\/wp\/v2\/pages"}],"about":[{"href":"https:\/\/wiki.luneale.co\/de\/wp-json\/wp\/v2\/types\/page"}],"author":[{"embeddable":true,"href":"https:\/\/wiki.luneale.co\/de\/wp-json\/wp\/v2\/users\/1"}],"replies":[{"embeddable":true,"href":"https:\/\/wiki.luneale.co\/de\/wp-json\/wp\/v2\/comments?post=1444"}],"version-history":[{"count":0,"href":"https:\/\/wiki.luneale.co\/de\/wp-json\/wp\/v2\/pages\/1444\/revisions"}],"wp:featuredmedia":[{"embeddable":true,"href":"https:\/\/wiki.luneale.co\/de\/wp-json\/wp\/v2\/media\/1826"}],"wp:attachment":[{"href":"https:\/\/wiki.luneale.co\/de\/wp-json\/wp\/v2\/media?parent=1444"}],"curies":[{"name":"wp","href":"https:\/\/api.w.org\/{rel}","templated":true}]}}