{"id":1392,"date":"2020-10-22T09:59:17","date_gmt":"2020-10-22T09:59:17","guid":{"rendered":"https:\/\/wiki.luneale.co\/startseite\/"},"modified":"2024-12-03T14:52:45","modified_gmt":"2024-12-03T14:52:45","slug":"startseite","status":"publish","type":"page","link":"https:\/\/wiki.luneale.co\/de\/","title":{"rendered":"Startseite"},"content":{"rendered":"\n<div class=\"wp-block-cover alignfull is-light\" style=\"min-height:500px;aspect-ratio:unset;\"><span aria-hidden=\"true\" class=\"wp-block-cover__background has-ast-global-color-1-background-color has-background-dim\"><\/span><img loading=\"lazy\" decoding=\"async\" width=\"1920\" height=\"600\" class=\"wp-block-cover__image-background wp-image-996\" alt=\"La Cup Luneale cup menstruelle quide d'utilisation notice coup menstruelle\" src=\"https:\/\/wiki.luneale.co\/wp-content\/uploads\/2022\/04\/hero-bubble-cups-min.jpg\" data-object-fit=\"cover\" srcset=\"https:\/\/wiki.luneale.co\/wp-content\/uploads\/2022\/04\/hero-bubble-cups-min.jpg 1920w, https:\/\/wiki.luneale.co\/wp-content\/uploads\/2022\/04\/hero-bubble-cups-min-300x94.jpg 300w, https:\/\/wiki.luneale.co\/wp-content\/uploads\/2022\/04\/hero-bubble-cups-min-1024x320.jpg 1024w, https:\/\/wiki.luneale.co\/wp-content\/uploads\/2022\/04\/hero-bubble-cups-min-768x240.jpg 768w, https:\/\/wiki.luneale.co\/wp-content\/uploads\/2022\/04\/hero-bubble-cups-min-1536x480.jpg 1536w\" sizes=\"auto, (max-width: 1920px) 100vw, 1920px\" \/><div class=\"wp-block-cover__inner-container is-layout-flow wp-block-cover-is-layout-flow\">\n<div class=\"wp-block-columns alignfull are-vertically-aligned-center is-layout-flex wp-container-core-columns-is-layout-28f84493 wp-block-columns-is-layout-flex\">\n<div class=\"wp-block-column is-vertically-aligned-center is-layout-flow wp-block-column-is-layout-flow\" style=\"flex-basis:65%\">\n<h1 class=\"wp-block-heading has-ast-global-color-3-color has-text-color\">Herzlich willkommen.<\/h1>\n\n\n\n<p class=\"has-ast-global-color-3-color has-text-color has-medium-font-size\">Dieser digitale Leitfaden ersetzt die Papierversion von La Cup Luneale und enth\u00e4lt alle n\u00fctzlichen Informationen.<\/p>\n\n\n\n<div class=\"wp-block-buttons is-layout-flex wp-block-buttons-is-layout-flex\">\n<div class=\"wp-block-button\"><a class=\"wp-block-button__link has-ast-global-color-3-color has-text-color wp-element-button\" href=\"https:\/\/wiki.luneale.co\/wp-content\/uploads\/2024\/08\/La-Cup-Luneale_notice-imprimable_Francais-202408.pdf\">Druckbare A4-Version herunterladen<\/a><\/div>\n<\/div>\n<\/div>\n<\/div>\n<\/div><\/div>\n\n<div class=\"inherit-container-width wp-block-group alignfull is-layout-constrained wp-block-group-is-layout-constrained\"><div class=\"wp-block-group__inner-container\">\n<div class=\"wp-block-columns alignwide are-vertically-aligned-center is-layout-flex wp-container-core-columns-is-layout-28f84493 wp-block-columns-is-layout-flex\">\n<div class=\"wp-block-column is-vertically-aligned-center is-layout-flow wp-block-column-is-layout-flow\">\n<h2 class=\"wp-block-heading\">\u00c4ndere die Regeln!<\/h2>\n<\/div>\n\n\n\n<div class=\"wp-block-column is-vertically-aligned-center is-layout-flow wp-block-column-is-layout-flow\">\n<p>Zun\u00e4chst einmal vielen Dank, dass Sie sich f\u00fcr Luneale entschieden haben, um Sie w\u00e4hrend Ihrer n\u00e4chsten Zyklen zu begleiten.<br\/>Luneale ist eine Kollektion franz\u00f6sischer Menstruationstassen aus 100 % medizinischem Platin-Silikon (dem stabilsten und sichersten), deren patentierte Innovationen maximalen Komfort und Benutzerfreundlichkeit gew\u00e4hrleisten.<br\/>Wir haben den Cup Luneale mit einem Designer, Hebammen und einem Ergonomen entworfen, damit sich alle menstruierenden Menschen von den mit der Menstruation verbundenen Zw\u00e4ngen befreien k\u00f6nnen und gleichzeitig ihre Lebensweise, ihre Gesundheit und die Umwelt respektieren.<br\/>La Cup Luneale wird w\u00e4hrend der Menstruation in die Vagina eingef\u00fchrt und sammelt den \ufb02uss auf sanfte Weise, ohne ihn zu absorbieren.  <\/p>\n\n\n\n<p>Sie sch\u00fctzt Sie bis zu 6 Stunden am St\u00fcck, ohne auszulaufen, ohne Ger\u00fcche und ist einfach zu bedienen, sowohl f\u00fcr Anf\u00e4nger als auch f\u00fcr Menstruationscups.<br\/>Wir haben diese digitale Anleitung erstellt, um Ihre Fragen zu beantworten. Lesen Sie sie sorgf\u00e4ltig durch und geben Sie sich etwas Zeit, um zu lernen, wie Sie Ihren Cup Luneale handhaben und wie Sie ihn falten k\u00f6nnen, denn die Eingew\u00f6hnungszeit ist von Person zu Person unterschiedlich.<br\/>Und nach dieser Zeit sind wir sicher, dass Sie Ihren Cup Luneale nicht mehr aus der Hand geben werden!<br\/>Nochmals vielen Dank f\u00fcr Ihr Kon\ufb01zienz. <\/p>\n\n\n\n<p>Das Mondteam<\/p>\n\n\n\n<p><\/p>\n<\/div>\n<\/div>\n<\/div><\/div>\n\n<div class=\"inherit-container-width wp-block-group alignfull visite guid\u00e9e has-ast-global-color-8-background-color has-background is-layout-constrained wp-block-group-is-layout-constrained\" id=\"visite-guid\u00e9e\"><div class=\"wp-block-group__inner-container\">\n<div class=\"wp-block-columns alignwide are-vertically-aligned-center is-layout-flex wp-container-core-columns-is-layout-28f84493 wp-block-columns-is-layout-flex\">\n<div class=\"wp-block-column is-vertically-aligned-center is-layout-flow wp-block-column-is-layout-flow\" style=\"flex-basis:53.34%\">\n<h6 class=\"wp-block-heading has-ast-global-color-2-color has-text-color\">Wie es funktioniert ? <\/h6>\n\n\n\n<h3 class=\"wp-block-heading has-ast-global-color-2-color has-text-color has-large-font-size\">Nutzen Sie die gef\u00fchrte Tour<\/h3>\n\n\n\n<p>Folgen Sie den &#8222;Guided Tour&#8220;-Bl\u00f6cken, um die gesamte Anleitung zu lesen und alles \u00fcber den Gebrauch und die Pflege von La Cup Luneale zu erfahren.  <\/p>\n\n\n\n<p>Dies ist der beste Weg, um alle wesentlichen Informationen f\u00fcr eine ruhige Nutzung zu verstehen. <\/p>\n<\/div>\n\n\n\n<div class=\"wp-block-column is-vertically-aligned-center is-layout-flow wp-block-column-is-layout-flow\" style=\"flex-basis:46.66%\">\n<div class=\"wp-block-buttons is-content-justification-center is-layout-flex wp-container-core-buttons-is-layout-a89b3969 wp-block-buttons-is-layout-flex\">\n<div class=\"wp-block-button has-custom-width wp-block-button__width-75 has-custom-font-size is-style-fill\" style=\"font-size:25px\"><a class=\"wp-block-button__link has-ast-global-color-3-color has-ast-global-color-5-background-color has-text-color has-background wp-element-button\" href=\"https:\/\/wiki.luneale.co\/de\/wichtige-informationen\/\" style=\"border-radius:0px\">F\u00fchrung starten &gt; <\/a><\/div>\n<\/div>\n<\/div>\n<\/div>\n<\/div><\/div>\n\n<div class=\"inherit-container-width wp-block-group alignfull is-layout-constrained wp-block-group-is-layout-constrained\" id=\"selftour\"><div class=\"wp-block-group__inner-container\">\n<p class=\"has-text-align-center\">Wenn Sie alleine navigieren m\u00f6chten, ohne die gef\u00fchrte Tour zu durchlaufen, empfehlen wir Ihnen, diese wichtige Seite zu lesen. Danke !<\/p>\n\n\n\n<div class=\"wp-block-buttons is-content-justification-center is-layout-flex wp-container-core-buttons-is-layout-a89b3969 wp-block-buttons-is-layout-flex\">\n<div class=\"wp-block-button has-custom-width wp-block-button__width-75 has-custom-font-size\" style=\"font-size:28px\"><a class=\"wp-block-button__link has-ast-global-color-2-color has-ast-global-color-7-background-color has-text-color has-background wp-element-button\" href=\"https:\/\/wiki.luneale.co\/de\/wichtige-informationen\/\">Wichtige Informationen f\u00fcr Ihre Gesundheit und Sicherheit &gt; <\/a><\/div>\n<\/div>\n<\/div><\/div>\n\n<div class=\"inherit-container-width wp-block-group alignfull has-ast-global-color-0-background-color has-background is-layout-constrained wp-block-group-is-layout-constrained\"><div class=\"wp-block-group__inner-container\">\n<h2 class=\"wp-block-heading alignwide has-text-align-left\">Die Nutzung von La Cup Luneale<\/h2>\n\n\n\n<div class=\"wp-block-columns alignwide are-vertically-aligned-top is-layout-flex wp-container-core-columns-is-layout-28f84493 wp-block-columns-is-layout-flex\">\n<div class=\"wp-block-column is-vertically-aligned-top is-layout-flow wp-block-column-is-layout-flow\">\n<h6 class=\"wp-block-heading has-ast-global-color-8-color has-text-color\">01.<\/h6>\n\n\n\n<h4 class=\"wp-block-heading has-ast-global-color-3-color has-text-color\">Biegen<\/h4>\n\n\n\n<p class=\"has-ast-global-color-3-color has-text-color\">Es gibt viele M\u00f6glichkeiten, La Cup zu falten. Wir empfehlen 2: die C-Falz und die Punchdown-Falz.<\/p>\n\n\n\n<div class=\"wp-block-buttons is-layout-flex wp-block-buttons-is-layout-flex\">\n<div class=\"wp-block-button\"><a class=\"wp-block-button__link has-ast-global-color-3-color has-text-color wp-element-button\" href=\"https:\/\/wiki.luneale.co\/de\/falten-sie-la-cup\/\">Biegungen im Detail &gt;<\/a><\/div>\n<\/div>\n<\/div>\n\n\n\n<div class=\"wp-block-column is-vertically-aligned-top is-layout-flow wp-block-column-is-layout-flow\">\n<h6 class=\"wp-block-heading has-ast-global-color-8-color has-text-color\">02.<\/h6>\n\n\n\n<h4 class=\"wp-block-heading has-ast-global-color-3-color has-text-color\">Einf\u00fcgung<\/h4>\n\n\n\n<p class=\"has-ast-global-color-3-color has-text-color\">Je nachdem, welche Faltung Sie bevorzugen, gibt es eine ideale Einf\u00fchrmethode: direkt oder in 2 Stufen.<\/p>\n\n\n\n<div class=\"wp-block-buttons is-layout-flex wp-block-buttons-is-layout-flex\">\n<div class=\"wp-block-button\"><a class=\"wp-block-button__link has-ast-global-color-3-color has-text-color wp-element-button\" href=\"https:\/\/wiki.luneale.co\/de\/setzen-sie-la-cup-tasse-ein\/\">Einf\u00fcgen im Detail &gt;<\/a><\/div>\n<\/div>\n<\/div>\n\n\n\n<div class=\"wp-block-column is-vertically-aligned-top is-layout-flow wp-block-column-is-layout-flow\">\n<h6 class=\"wp-block-heading has-ast-global-color-8-color has-text-color\">03.<\/h6>\n\n\n\n<h4 class=\"wp-block-heading has-ast-global-color-3-color has-text-color\">Entfernen<\/h4>\n\n\n\n<p class=\"has-ast-global-color-3-color has-text-color\">Mit dem MoonPad k\u00f6nnen Sie La Cup Luneale einfach und sicher entfernen.<\/p>\n\n\n\n<div class=\"wp-block-buttons is-layout-flex wp-block-buttons-is-layout-flex\">\n<div class=\"wp-block-button\"><a class=\"wp-block-button__link has-ast-global-color-3-color has-text-color wp-element-button\" href=\"https:\/\/wiki.luneale.co\/de\/entfernen-sie-la-cup-tasse\/\">Der Widerruf im Detail &gt;<\/a><\/div>\n<\/div>\n<\/div>\n\n\n\n<div class=\"wp-block-column is-vertically-aligned-top is-layout-flow wp-block-column-is-layout-flow\">\n<h6 class=\"wp-block-heading has-ast-global-color-8-color has-text-color\">04.<\/h6>\n\n\n\n<h4 class=\"wp-block-heading has-ast-global-color-3-color has-text-color\">Leer<\/h4>\n\n\n\n<p class=\"has-ast-global-color-3-color has-text-color\">Sie k\u00f6nnen Ihren Cup in der Toilette, in der Dusche, in einem Waschbecken entleeren&#8230;<\/p>\n<\/div>\n<\/div>\n<\/div><\/div>\n\n<div class=\"inherit-container-width wp-block-group alignfull is-layout-constrained wp-block-group-is-layout-constrained\"><div class=\"wp-block-group__inner-container\">\n<h2 class=\"wp-block-heading alignwide\">Die Pflege von La Cup Luneale<\/h2>\n\n\n\n<div class=\"wp-block-columns alignwide are-vertically-aligned-center is-layout-flex wp-container-core-columns-is-layout-28f84493 wp-block-columns-is-layout-flex\">\n<div class=\"wp-block-column is-vertically-aligned-center is-layout-flow wp-block-column-is-layout-flow\">\n<h6 class=\"wp-block-heading has-ast-global-color-3-color has-text-color\">Vor dem ersten Gebrauch und zwischen den Zyklen<\/h6>\n\n\n\n<h3 class=\"wp-block-heading\">Sterilisation\/Desinfektion<\/h3>\n\n\n\n<p>Es gibt mehrere Methoden, um Ihren Cup zu desinfizieren, w\u00e4hlen Sie diejenige, die zu Ihnen passt.<\/p>\n\n\n\n<div class=\"wp-block-buttons is-layout-flex wp-block-buttons-is-layout-flex\">\n<div class=\"wp-block-button\"><a class=\"wp-block-button__link has-ast-global-color-3-color has-text-color wp-element-button\" href=\"https:\/\/wiki.luneale.co\/de\/la-cup-tasse-zwischen-den-perioden-sterilisieren\/\">Die Sterilisation von La Cup &gt;<\/a><\/div>\n<\/div>\n<\/div>\n\n\n\n<div class=\"wp-block-column is-vertically-aligned-center is-layout-flow wp-block-column-is-layout-flow\">\n<h6 class=\"wp-block-heading has-ast-global-color-3-color has-text-color\">W\u00e4hrend deiner Periode<\/h6>\n\n\n\n<h3 class=\"wp-block-heading\">Die Reinigung von La Cup<\/h3>\n\n\n\n<p>Auch hier sind je nach Ihren Erwartungen und dem Ort, an dem Sie sich befinden, mehrere L\u00f6sungen m\u00f6glich.<\/p>\n\n\n\n<div class=\"wp-block-buttons is-layout-flex wp-block-buttons-is-layout-flex\">\n<div class=\"wp-block-button\"><a class=\"wp-block-button__link has-ast-global-color-3-color has-text-color wp-element-button\" href=\"https:\/\/wiki.luneale.co\/de\/reinigung-der-tasse-waehrend-der-menstruation\/\">Die Reinigung von La Cup &gt;<\/a><\/div>\n<\/div>\n<\/div>\n<\/div>\n<\/div><\/div>\n\n<p><\/p>\n","protected":false},"excerpt":{"rendered":"<p>\u00c4ndere die Regeln! Zun\u00e4chst einmal vielen Dank, dass Sie sich f\u00fcr Luneale entschieden haben, um Sie w\u00e4hrend Ihrer n\u00e4chsten Zyklen zu begleiten.Luneale ist eine Kollektion franz\u00f6sischer Menstruationstassen aus 100 % medizinischem Platin-Silikon (dem stabilsten und sichersten), deren patentierte Innovationen maximalen Komfort und Benutzerfreundlichkeit gew\u00e4hrleisten.Wir haben den Cup Luneale mit einem Designer, Hebammen und einem Ergonomen [&hellip;]<\/p>\n","protected":false},"author":1,"featured_media":1815,"parent":0,"menu_order":0,"comment_status":"closed","ping_status":"closed","template":"","meta":{"_uag_custom_page_level_css":"","site-sidebar-layout":"no-sidebar","site-content-layout":"plain-container","ast-site-content-layout":"normal-width-container","site-content-style":"unboxed","site-sidebar-style":"unboxed","ast-global-header-display":"","ast-banner-title-visibility":"","ast-main-header-display":"","ast-hfb-above-header-display":"","ast-hfb-below-header-display":"","ast-hfb-mobile-header-display":"","site-post-title":"disabled","ast-breadcrumbs-content":"","ast-featured-img":"disabled","footer-sml-layout":"","theme-transparent-header-meta":"enabled","adv-header-id-meta":"","stick-header-meta":"","header-above-stick-meta":"","header-main-stick-meta":"","header-below-stick-meta":"","astra-migrate-meta-layouts":"default","ast-page-background-enabled":"default","ast-page-background-meta":{"desktop":{"background-color":"var(--ast-global-color-4)","background-image":"","background-repeat":"repeat","background-position":"center center","background-size":"auto","background-attachment":"scroll","background-type":"","background-media":"","overlay-type":"","overlay-color":"","overlay-opacity":"","overlay-gradient":""},"tablet":{"background-color":"","background-image":"","background-repeat":"repeat","background-position":"center center","background-size":"auto","background-attachment":"scroll","background-type":"","background-media":"","overlay-type":"","overlay-color":"","overlay-opacity":"","overlay-gradient":""},"mobile":{"background-color":"","background-image":"","background-repeat":"repeat","background-position":"center center","background-size":"auto","background-attachment":"scroll","background-type":"","background-media":"","overlay-type":"","overlay-color":"","overlay-opacity":"","overlay-gradient":""}},"ast-content-background-meta":{"desktop":{"background-color":"var(--ast-global-color-5)","background-image":"","background-repeat":"repeat","background-position":"center center","background-size":"auto","background-attachment":"scroll","background-type":"","background-media":"","overlay-type":"","overlay-color":"","overlay-opacity":"","overlay-gradient":""},"tablet":{"background-color":"var(--ast-global-color-5)","background-image":"","background-repeat":"repeat","background-position":"center center","background-size":"auto","background-attachment":"scroll","background-type":"","background-media":"","overlay-type":"","overlay-color":"","overlay-opacity":"","overlay-gradient":""},"mobile":{"background-color":"var(--ast-global-color-5)","background-image":"","background-repeat":"repeat","background-position":"center center","background-size":"auto","background-attachment":"scroll","background-type":"","background-media":"","overlay-type":"","overlay-color":"","overlay-opacity":"","overlay-gradient":""}},"footnotes":""},"class_list":["post-1392","page","type-page","status-publish","has-post-thumbnail","hentry"],"uagb_featured_image_src":{"full":["https:\/\/wiki.luneale.co\/wp-content\/uploads\/2022\/05\/Luneale-guide-utilisation-partageFB-min.png",1200,630,false],"thumbnail":["https:\/\/wiki.luneale.co\/wp-content\/uploads\/2022\/05\/Luneale-guide-utilisation-partageFB-min-150x150.png",150,150,true],"medium":["https:\/\/wiki.luneale.co\/wp-content\/uploads\/2022\/05\/Luneale-guide-utilisation-partageFB-min-300x158.png",300,158,true],"medium_large":["https:\/\/wiki.luneale.co\/wp-content\/uploads\/2022\/05\/Luneale-guide-utilisation-partageFB-min-768x403.png",768,403,true],"large":["https:\/\/wiki.luneale.co\/wp-content\/uploads\/2022\/05\/Luneale-guide-utilisation-partageFB-min-1024x538.png",1024,538,true],"1536x1536":["https:\/\/wiki.luneale.co\/wp-content\/uploads\/2022\/05\/Luneale-guide-utilisation-partageFB-min.png",1200,630,false],"2048x2048":["https:\/\/wiki.luneale.co\/wp-content\/uploads\/2022\/05\/Luneale-guide-utilisation-partageFB-min.png",1200,630,false]},"uagb_author_info":{"display_name":"leocadie","author_link":"https:\/\/wiki.luneale.co\/de\/author\/leocadie\/"},"uagb_comment_info":0,"uagb_excerpt":"\u00c4ndere die Regeln! Zun\u00e4chst einmal vielen Dank, dass Sie sich f\u00fcr Luneale entschieden haben, um Sie w\u00e4hrend Ihrer n\u00e4chsten Zyklen zu begleiten.Luneale ist eine Kollektion franz\u00f6sischer Menstruationstassen aus 100 % medizinischem Platin-Silikon (dem stabilsten und sichersten), deren patentierte Innovationen maximalen Komfort und Benutzerfreundlichkeit gew\u00e4hrleisten.Wir haben den Cup Luneale mit einem Designer, Hebammen und einem Ergonomen&hellip;","_links":{"self":[{"href":"https:\/\/wiki.luneale.co\/de\/wp-json\/wp\/v2\/pages\/1392","targetHints":{"allow":["GET"]}}],"collection":[{"href":"https:\/\/wiki.luneale.co\/de\/wp-json\/wp\/v2\/pages"}],"about":[{"href":"https:\/\/wiki.luneale.co\/de\/wp-json\/wp\/v2\/types\/page"}],"author":[{"embeddable":true,"href":"https:\/\/wiki.luneale.co\/de\/wp-json\/wp\/v2\/users\/1"}],"replies":[{"embeddable":true,"href":"https:\/\/wiki.luneale.co\/de\/wp-json\/wp\/v2\/comments?post=1392"}],"version-history":[{"count":0,"href":"https:\/\/wiki.luneale.co\/de\/wp-json\/wp\/v2\/pages\/1392\/revisions"}],"wp:featuredmedia":[{"embeddable":true,"href":"https:\/\/wiki.luneale.co\/de\/wp-json\/wp\/v2\/media\/1815"}],"wp:attachment":[{"href":"https:\/\/wiki.luneale.co\/de\/wp-json\/wp\/v2\/media?parent=1392"}],"curies":[{"name":"wp","href":"https:\/\/api.w.org\/{rel}","templated":true}]}}